{"id":6943,"date":"2013-04-20T09:41:36","date_gmt":"2013-04-20T07:41:36","guid":{"rendered":"http:\/\/marcinbaranowski.com.pl\/?page_id=6943"},"modified":"2023-10-12T23:38:07","modified_gmt":"2023-10-12T21:38:07","slug":"doszczak-agata","status":"publish","type":"page","link":"https:\/\/marcinbaranowski.com.pl\/en\/graduates-2\/doszczak-agata\/","title":{"rendered":"Doszczak Agata"},"content":{"rendered":"<section class=\"wpb-content-wrapper\">[vc_row][vc_column width=&#8221;1\/3&#8243;]<div class=\"shadow_img_frame shadow_three_col_small tt_animate_none true-img-none\"><div class=\"img-preload\"><img src='https:\/\/marcinbaranowski.com.pl\/wp-content\/themes\/karma\/framework\/extended\/timthumb\/timthumb.php?src=https:\/\/marcinbaranowski.com.pl\/wp-content\/uploads\/2020\/09\/AGATA-DOSZCZAK-12-e1600065172272.jpg&amp;h=113&amp;w=202' alt='' class=\"attachment-fadeIn\" \/><\/div><\/div>[\/vc_column][vc_column width=&#8221;2\/3&#8243;][vc_column_text]\nAgata Doszczak was born on March the 20th 1999 in Nowa Sol. In 2006 she started to learn the violin with Beata Golemberska MA in the Grazyna Bacewicz State Primary Music School in Nowa Sol. Since 2012 she has studied violin with Prof. Marcin Baranowski and Jan Romanowski MA at the Henryk Wieniawski Secondary Music School in Poznan.<br \/>\n[\/vc_column_text][\/vc_column][\/vc_row][vc_row][vc_column][vc_column_text]\nShe won prizes at the following competitions:<\/p>\n<ul>\n<li>3rd Prize at the 4th \u201cTournament of Friendship\u201d, Zagan 2008<\/li>\n<li>3rd Prize at the 17th Music Performance Competition for Young Violinists, Bystrzyca Klodzka 2010<\/li>\n<li>Honourable Mention at the 6th Polish Forum of Young Instrumentalists, Rybnik 2010<\/li>\n<li>1st Prize at the 5th \u201cTournament of Friendship\u201d, Zagan 2010<\/li>\n<li>Honourable Mention at the 1st Macroregional Competition \u201cViolin For The Best\u201d, Szczecin 2010<\/li>\n<li>2nd Prize at the 36th Stanislaw Hajzer Regional Competition of Bach Interpretation, Zielona Gora 2010<\/li>\n<li>Laureate of the 11th International Violin Competition \u201cJanko Muzykant\u201d, Sochaczew 2011<\/li>\n<li>2nd Prize at the 7th Karol and Antoni Szafranek Polish Forum of Young Instrumentalists, Rybnik 2011<\/li>\n<li>Honourable Mention at the 9th All-Polish Aleksandra Januszajtis Violin Competition, Gdansk 2011<\/li>\n<li>4th Prize at the 37th All-Polish Stanislaw Hajzer Competition of Bach Interpretation, Zielona Gora 2011<\/li>\n<li>2nd Prize at the 11th All-Polish Grazyna Bacewicz Violin Competition, Wroclaw 2012<\/li>\n<li>2nd Prize at the 6th All-Polish Competition \u201cTournament of Young Violinists\u201d, Nysa 2012<\/li>\n<li>3rd Prize at Zielona Gora Violin Competition, Zielona Gora 2013<\/li>\n<li>3rd Prize at International Violin Competition Cieszyn Poland, Cieszyn 2014<\/li>\n<li>Grand Prix at All Polish Violin Festival Kielce Poland, Kielce 2014<\/li>\n<li>4th Prize at 4th All Polish Competition Elblag 2015 Poland<\/li>\n<li>2nd Prize at All Polish Competition in Sierpc 2015 Poland<\/li>\n<li>Distinction 11th All Polish Competition Rybnik 2015 Poland<\/li>\n<li>Distinction 6th International Violin Competition Plock 2015 Poland<\/li>\n<li>2nd Prize at the All-Polish audition for Violinists in Kielce, Poland 2016<\/li>\n<li>Distinction 4th All Polish Competition in Cieszyn, Poland 2016<\/li>\n<li>3rd Prize \u2013 Internationaler 8 Malchower Kirchenpreis, Germany 2016<\/li>\n<li>Distinction at 1st \u00a0 All Polish Jadwiga Kaliszewska \u00a0Violin \u00a0 Competition in Poznan 2016<\/li>\n<li>Distinction \u00a04th All- Poland Violin Competition Torun, Poland<\/li>\n<li>Distinction \u00a04th All- Poland Violin Competition Elblag. Poland<\/li>\n<li>Distinction \u00a015th International Violin Competition \u00a0\u201eYoung \u00a0Paganini\u201d Legnica, Poland<\/li>\n<li>Laureate \u2013 Jadwiga Kaliszewska \u00a0Festiwal in Poznan<\/li>\n<li>Distinction at Wanda Wilkomirska Violin Competition in Cz\u0119stochowa, Poland 2019<\/li>\n<li>1st Prize at 10th International Music Competition in Belgrad, Serbia 2019<\/li>\n<li>2nd Prize at 5th International Music Competition, Paris,\u00a0 France 2020<\/li>\n<li>Trio category 2nd Prize at 5th International Music Competition, Paris,\u00a0 France 2020<\/li>\n<li>1st Prize &#8211; Golden Classical Music Awards , New York, USA 2022<\/li>\n<\/ul>\n<p>She participated in masterclasses in Marianowka, Glucholazy, Legnica, Baloszyce, and Kolobrzeg.<br \/>\nIn the years 2010 and 2012, she received the City Mayor Award. She was also awarded a scholarship by the Marshall of the Lubuskie Province in 2011. Presently she receives a scholarship of the Artistic Education Centre 2011\/2012. In 2012 she performed as a soloist of a Symphony Orchestra at the Zielona Gora Philharmonic. In 2012 she was admitted to the European Youth Opera conducted by Milo\u0161 Krej\u010d\u00ed.<br \/>\n[\/vc_column_text][\/vc_column][\/vc_row]\n<\/section>","protected":false},"excerpt":{"rendered":"<p>[vc_row][vc_column width=&#8221;1\/3&#8243;][\/vc_column][vc_column width=&#8221;2\/3&#8243;][vc_column_text]<br \/>\nAgata Doszczak was born on March the 20th 1999 in Nowa Sol. In 2006 she started to learn the violin with Beata Golemberska MA in the Grazyna Bacewicz State Primary Music School in Nowa Sol. Since 2012 she has studied violin with Prof. Marcin Baranowski and Jan Romanowski MA at the Henryk Wieniawski Secondary Music School in Poznan.<br \/>\n[\/vc_column_text][\/vc_column][\/vc_row][vc_row][vc_column][vc_column_text]<br \/>\nShe won prizes at the following competitions:<\/p>\n<p>3rd Prize at the 4th \u201cTournament of Friendship\u201d, Zagan 2008<br ...\n<\/p>\n","protected":false},"author":1,"featured_media":0,"parent":6827,"menu_order":0,"comment_status":"closed","ping_status":"closed","template":"template_rightnav.php","meta":{"ngg_post_thumbnail":0,"footnotes":""},"featured_image_src":null,"featured_image_src_square":null,"_links":{"self":[{"href":"https:\/\/marcinbaranowski.com.pl\/en\/wp-json\/wp\/v2\/pages\/6943"}],"collection":[{"href":"https:\/\/marcinbaranowski.com.pl\/en\/wp-json\/wp\/v2\/pages"}],"about":[{"href":"https:\/\/marcinbaranowski.com.pl\/en\/wp-json\/wp\/v2\/types\/page"}],"author":[{"embeddable":true,"href":"https:\/\/marcinbaranowski.com.pl\/en\/wp-json\/wp\/v2\/users\/1"}],"replies":[{"embeddable":true,"href":"https:\/\/marcinbaranowski.com.pl\/en\/wp-json\/wp\/v2\/comments?post=6943"}],"version-history":[{"count":19,"href":"https:\/\/marcinbaranowski.com.pl\/en\/wp-json\/wp\/v2\/pages\/6943\/revisions"}],"predecessor-version":[{"id":12138,"href":"https:\/\/marcinbaranowski.com.pl\/en\/wp-json\/wp\/v2\/pages\/6943\/revisions\/12138"}],"up":[{"embeddable":true,"href":"https:\/\/marcinbaranowski.com.pl\/en\/wp-json\/wp\/v2\/pages\/6827"}],"wp:attachment":[{"href":"https:\/\/marcinbaranowski.com.pl\/en\/wp-json\/wp\/v2\/media?parent=6943"}],"curies":[{"name":"wp","href":"https:\/\/api.w.org\/{rel}","templated":true}]}}