{"id":6932,"date":"2013-04-20T09:32:37","date_gmt":"2013-04-20T07:32:37","guid":{"rendered":"http:\/\/marcinbaranowski.com.pl\/?page_id=6932"},"modified":"2021-02-22T08:11:49","modified_gmt":"2021-02-22T07:11:49","slug":"sikorski-marcin-2","status":"publish","type":"page","link":"https:\/\/marcinbaranowski.com.pl\/en\/pianists-2\/sikorski-marcin-2\/","title":{"rendered":"Sikorski Marcin"},"content":{"rendered":"<section class=\"wpb-content-wrapper\">[vc_row][vc_column width=&#8221;1\/3&#8243;]<div class=\"shadow_img_frame shadow_three_col_small tt_animate_none true-img-none\"><div class=\"img-preload\"><img src='https:\/\/marcinbaranowski.com.pl\/wp-content\/themes\/karma\/framework\/extended\/timthumb\/timthumb.php?src=https:\/\/marcinbaranowski.com.pl\/wp-content\/uploads\/2020\/04\/M_Sikorski-fot-Marcin-Mazurowski.jpeg&amp;h=113&amp;w=202' alt='' class=\"attachment-fadeIn\" \/><\/div><\/div>[\/vc_column][vc_column width=&#8221;2\/3&#8243;][vc_column_text]\n<p style=\"text-align: justify;\"><span style=\"font-weight: 400;\">Musician. Chamber music pianist. Born in 1971, Marcin Sikorski is recognized to be \u201ethe most outstanding Polish chamber pianist of his generation\u201d. His performances are highly acclaimed both by the audience and critics.<\/span><\/p>\n<p style=\"text-align: justify;\"><span style=\"font-weight: 400;\">His has given concerts with Bartek Nizio\u0142, Erin Keefe, Reiko Otani, Haik Kazazyan, Li Teng, Mei Diyang, Yan Tao, Alena Baeva, Veriko Tchumburidze, Jaros\u0142aw Br\u0119k, Katarzyna Polonek, \u0141ukasz B\u0142aszczyk, Krzysztof Polonek, Rafa\u0142 Kwiatkowski, Jaros\u0142aw Nadrzycki, Celina Kotz, Silesian String Quartet, AKADEMOS Quartet, Sinfonia Iuventus Orchester, Maestro Massimiliano Caldi, Maestro Tadeusz Wojciechowski. He has collaborated with violinist Soyoung Yoon, winner of Wieniawski Competition. They played together on many festivals in Europe. &#8220;In duet, they have created a universe that has totally preoccupied the minds of the audience&#8221; wrote critic after one of them.<\/span><\/p>\n<p style=\"text-align: justify;\"><span style=\"font-weight: 400;\">Marcin Sikorski is member of Brahms Piano Quartet and piano duo with Ma\u0142gorzata Sajna-Mataczy\u0144ska.<\/span><\/p>\n<p style=\"text-align: justify;\"><span style=\"font-weight: 400;\">He has appeared on Chopin Festival in Duszniki-Zdr\u00f3j, Schleswig-Holstein Musik Festival, International Conservatoire Week in Petersburg, Osorske Glazbene Ve\u010deri in Croatia, Grieg in Bergen, played in 18 countries and important music halls such as Carnegie Hall Stern Auditorium, Berliner Philharmonic Chamber Hall, NFM, NOSPR Chamber Hall, Royal Castle in Warsaw, Warsaw Philharmonic Chamber Hall.<\/span><\/p>\n<p style=\"text-align: justify;\"><span style=\"font-weight: 400;\">Marcin Sikorski graduated from Karol Szymanowski Academy of Music (Katowice, Poland) as a student of Maria Szwajger-Ku\u0142akowska. In 2015, he received post-doctoral degree at the Academy of Music (Poznan), where he is an Associate Professor in chamber music and a collaborative pianist and collaborates regularly with Central Conservatory in Beijing. He studied piano and chamber music in master classes conducted by Isaac Stern, Leon Fleisher, Bruno Canino, Emanuel Ax, Erica Frieser and the members of the LaSalle, Juilliard, Emerson and Guarneri Quartets.<\/span><\/p>\n<p style=\"text-align: justify;\"><span style=\"font-weight: 400;\">In 2001, he took part in the Isaac Stern Chamber Music Workshop at Carnegie Hall in New York and played a concert there.<\/span><\/p>\n<p style=\"text-align: justify;\"><span style=\"font-weight: 400;\">He is a winner of chamber music competitions in Paris and Gda\u0144sk and was a laureate in P\u00f6rtschach, Vercelli and Krak\u00f3w. As an accompanist he won awards at several international violin competitions including Szymanowski International Violin Competition, Tansman International Competition in \u0141\u00f3d\u017a, 2011 Wieniawski Competition in Pozna\u0144 and Aram Khachaturian Violin Competition 2012 in Yerevan (Armenia). He was an official pianist of Joseph Joachim International Violin Competition Hannover, Britten Violin Competition in London, Wieniawski International Violin Competition in Poznan, Szymanowski Competition in Katowice and International Violin Competition in Toru\u0144.<\/span><\/p>\n<p style=\"text-align: justify;\"><span style=\"font-weight: 400;\">The CD from 2006 Wieniawski Competiton with 1st prize winner \u2013 Agata Szymczewska was awarded \u201eFRYDERYK\u201d Prize.<\/span><\/p>\n<p style=\"text-align: justify;\"><span style=\"font-weight: 400;\">He recorded 5 CDs with chamber music of Schumann, Brahms, Franck, Richard Strauss, Ravel, Prokofiev, Schnittke, Shostakovich, Lutos\u0142awski and appear on another more than 20 other CDs. He made several TV and radio recordings.<\/span><\/p>\n<p style=\"text-align: justify;\"><span style=\"font-weight: 400;\">He resides in Bydgoszcz with his wife Magda and three children.<\/span><\/p>\n<p>&nbsp;<\/p>\n<p>&nbsp;<\/p>\n<p><span style=\"font-weight: 400;\">\u51fa\u751f\u4e8e1971\u5e74\u7684\u9a6c\u94a6\u00b7\u897f\u79d1\u65af\u57fa\uff08Marcin Sikorski\uff09\uff0c\u662f\u5f53\u4ee3\u6ce2\u5170\u97f3\u4e50\u5bb6\uff0c\u5ba4\u5185\u4e50\u94a2\u7434\u5bb6\u3002\u88ab\u516c\u8ba4\u4e3a\u662f\u201c\u8fd9\u4e00\u4ee3\u4eba\u4e2d\u6700\u6770\u51fa\u7684\u6ce2\u5170\u5ba4\u5185\u4e50\u94a2\u7434\u5bb6\u201d\uff0c\u4ed6\u7684\u6f14\u594f\u53d7\u5230\u89c2\u4f17\u548c\u97f3\u4e50\u8bc4\u8bba\u5bb6\u7684\u9ad8\u5ea6\u8bc4\u4ef7\u3002<\/span><\/p>\n<p><span style=\"font-weight: 400;\">\u4ed6\u66fe\u4e00\u8d77\u767b\u53f0\u6f14\u51fa\u7684\u97f3\u4e50\u5bb6\u6709Bartek Nizio\u0142\uff0cErin Keefe\uff0cReiko Otani\uff0cHaik Kazazyan\uff0cLi Teng\uff0cMei Diyang\uff0cYan Tao\uff0cAlena Baeva\uff0cVeriko Tchumburidze\uff0cJaros\u0142aw Br\u0119k\uff0cKatarzyna Polonek\uff0c\u0141ukasz B\u0142aszczyk\uff0cKrzysztof Polonek,\uff0c\u897f\u91cc\u897f\u4e9a\u5f26\u4e50\u56db\u91cd\u594f\uff0cAKADEMOS\u56db\u91cd\u594f\uff0cSinfonia Iuventus\u4e50\u56e2\uff0cMassimiliano Caldi\u5927\u5e08\uff0cTadeusz Wojciechowski\u5927\u5e08\u3002\u4e0eWieniawski\u5c0f\u63d0\u7434\u5927\u8d5b\u51a0\u519bSoyoung Yoon\u5408\u4f5c\uff0c\u5728\u6b27\u6d32\u4f17\u591a\u97f3\u4e50\u8282\u4e2d\u7684\u4e00\u7cfb\u5217\u6f14\u51fa\u5f97\u5230\u89c2\u4f17\u4e0e\u4e50\u8bc4\u7684\u70ed\u70c8\u53cd\u54cd\uff0c\u4e00\u4f4d\u8bc4\u8bba\u5bb6\u66fe\u5199\u9053\uff1a\u201c\u4ed6\u4eec\u7684\u4e8c\u91cd\u594f\uff0c\u521b\u9020\u4e86\u4e00\u4e2a\u4e13\u6ce8\u4e8e\u542c\u4f17\u601d\u60f3\u7684\u5b87\u5b99\u3002\u201d<\/span><\/p>\n<p><span style=\"font-weight: 400;\">Marcin Sikorski\u662f\u52c3\u62c9\u59c6\u65af\u94a2\u7434\u56db\u91cd\u594f\u6210\u5458\uff0c\u540c\u65f6\u4e5f\u4e0e\u94a2\u7434\u5bb6Ma\u0142gorzata Sajna-Mataczy\u0144ska\u4e00\u8d77\u7ec4\u6210\u94a2\u7434\u4e8c\u91cd\u594f\u3002<\/span><\/p>\n<p><span style=\"font-weight: 400;\">\u4ed6\u66fe\u53c2\u4e0eDuszniki-Zdr\u00f3j\u7684\u8096\u90a6\u97f3\u4e50\u8282\uff0c\u77f3\u52d2\u82cf\u76ca\u683c-\u8377\u5c14\u65af\u6cf0\u56e0\u97f3\u4e50\u8282\uff0c\u5723\u5f7c\u5f97\u5821\u56fd\u9645\u97f3\u4e50\u8282\u5468\uff0c\u514b\u7f57\u5730\u4e9a\u7684Osorske Glazbene Ve\u010deri\uff0c\u5351\u5c14\u6839\u7b49\u56fd\u5bb6\u3002\u66fe\u572818\u4e2a\u56fd\u5bb6\u548c\u91cd\u8981\u97f3\u4e50\u5385\u6f14\u51fa\uff0c\u4f8b\u5982\u7f8e\u56fd\u5361\u5185\u57fa\u97f3\u4e50\u5385\u65af\u7279\u6069\u793c\u5802\uff0c\u5fb7\u56fd\u67cf\u6797\u7231\u4e50\u97f3\u4e50\u5385\uff0cNFM\u4f1a\u8bae\u5385\uff0cNOSPR\u4f1a\u8bae\u5385\uff0c\u6ce2\u5170\u534e\u6c99\u7687\u5bb6\u57ce\u5821\uff0c\u534e\u6c99\u7231\u4e50\u5385\u3002<\/span><\/p>\n<p><span style=\"font-weight: 400;\">\u9a6c\u94a6\u00b7\u897f\u79d1\u65af\u57fa(Marcin Sikorski)\u6bd5\u4e1a\u4e8e\u6ce2\u5170\u5361\u6258\u7ef4\u5179\u7684\u5e0c\u66fc\u8bfa\u592b\u65af\u57fa\u97f3\u4e50\u5b66\u9662\uff0c\u5e08\u4ece\u4e8eMaria Szwajger-Ku\u0142akowska\u3002 2015\u5e74\uff0c\u4ed6\u5728\u6ce2\u5179\u5357\u97f3\u4e50\u5b66\u9662\u83b7\u5f97\u535a\u58eb\u5b66\u4f4d\uff0c\u4ed6\u5728\u90a3\u62c5\u4efb\u5ba4\u5185\u7cfb\u526f\u6559\u6388\uff0c\u827a\u672f\u6307\u5bfc\u548c\u94a2\u7434\u6f14\u594f\uff0c\u5e76\u5b9a\u671f\u4e0e\u5317\u4eac\u4e2d\u592e\u97f3\u4e50\u5b66\u9662\u5408\u4f5c\u3002\u4ed6\u66fe\u7ecf\u4e0e\u5f88\u591a\u5ba4\u5185\u4e50\u5927\u5e08\u5b66\u4e60\u5ba4\u5185\u4e50\uff0c\u6bd4\u5982: \u827e\u8428\u514b\u00b7\u65af\u7279\u6069\uff08Isaac Stern\uff09\uff0c\u83b1\u6602\u00b7\u5f17\u83b1\u820d\uff08Leon Fleisher\uff09\uff0c\u5e03\u9c81\u8bfa\u00b7\u5361\u5c3c\u8bfa\uff08Bruno Canino\uff09\uff0c\u4f0a\u66fc\u7ebd\u5c14\u00b7\u827e\u514b\u65af\uff08Emanuel Ax\uff09\uff0c\u57c3\u91cc\u5361\u00b7\u5f17\u91cc\u745f\uff08Erica Frieser\uff09\uff0c\u62c9\u8428\u5c14\uff08LaSalle\uff09\u56db\u91cd\u594f\u7ec4\uff0c\u8331\u8389\u4e9a\u5fb7\uff08Juilliard\uff09\u56db\u91cd\u594f\u7ec4\uff0c\u827e\u9ed8\u751f\uff08Emerson\uff09\u56db\u91cd\u594f\u7ec4\u548c\u74dc\u7eb3\u91cc\uff08Guarneri\uff09\u56db\u91cd\u594f\u7ec4\u7b49\u7b49\u3002<\/span><\/p>\n<p><span style=\"font-weight: 400;\">2001\u5e74\uff0c\u4ed6\u53c2\u52a0\u4e86\u5728\u7f8e\u56fd\u7ebd\u7ea6\u5361\u5185\u57fa\u97f3\u4e50\u5385\u7684\u827e\u8428\u514b\u00b7\u65af\u7279\u6069\u5ba4\u5185\u4e50\u97f3\u4e50\u4ea4\u6d41\u827a\u672f\u8282\uff0c\u5e76\u5728\u90a3\u91cc\u4e3e\u529e\u4e86\u97f3\u4e50\u4f1a\u3002<\/span><\/p>\n<p><span style=\"font-weight: 400;\">\u4ed6\u66fe\u5728\u6cd5\u56fd\u5df4\u9ece\u548c\u6ce2\u5170\u683c\u4f46\u65af\u514b\u7684\u5ba4\u5185\u4e50\u6bd4\u8d5b\u4e2d\u83b7\u4e00\u7b49\u5956\uff0c\u5e76\u4e14\u5728\u6ce2\u8328\u67e5\uff0c\u97e6\u5c14\u5207\u5229\u548c\u514b\u62c9\u79d1\u592b\u90fd\u83b7\u5f97\u8fc7\u5956\u9879\u3002\u4f5c\u4e3a\u94a2\u7434\u4f34\u594f\uff0c\u4ed6\u5728\u5f88\u591a\u91cd\u5927\u7684\u56fd\u9645\u5c0f\u63d0\u7434\u6bd4\u8d5b\u4e2d\u83b7\u5956\uff0c\u5305\u62ecSzymanowski\u56fd\u9645\u5c0f\u63d0\u7434\u6bd4\u8d5b\uff0c\u5728\u6ce2\u5170\u7f57\u5179\u4e3e\u529e\u7684Tansman\u56fd\u9645\u6bd4\u8d5b\uff0c2011\u5e74\u5728\u6ce2\u5179\u5357\u4e3e\u529e\u7684Wieniawski\u5c0f\u63d0\u7434\u56fd\u9645\u6bd4\u8d5b\u4ee5\u53ca2012\u5e74\u5728\u57c3\u91cc\u6e29\uff08\u4e9a\u7f8e\u5c3c\u4e9a\uff09\u7684Aram Khachaturian\u5c0f\u63d0\u7434\u6bd4\u8d5b\u3002\u4ed6\u662f\u7ea6\u745f\u592b\u00b7\u7ea6\u963f\u5e0c\u59c6\u00b7\u6c49\u8bfa\u5a01\u56fd\u9645\u5c0f\u63d0\u7434\u6bd4\u8d5b\uff0c\u4f26\u6566\u7684\u5c0f\u63d0\u7434\u6bd4\u8d5b\uff0c\u6ce2\u5179\u5357\u7684Wieniawski\u56fd\u9645\u5c0f\u63d0\u7434\u6bd4\u8d5b\uff0c\u5361\u6258\u7ef4\u5179\u7684Szymanowski\u6bd4\u8d5b\u548c\u6258\u4f26\u7684\u56fd\u9645\u5c0f\u63d0\u7434\u6bd4\u8d5b\u7684\u5b98\u65b9\u6307\u5b9a\u5408\u4f5c\u94a2\u7434\u5bb6\u3002<\/span><\/p>\n<p><span style=\"font-weight: 400;\">\u57282006\u5e74\u7684Wieniawski\u5c0f\u63d0\u7434\u56fd\u9645\u6bd4\u8d5b\u4e2d\uff0c\u4e0e\u4e00\u7b49\u5956\u83b7\u5f97\u8005\u2014\u2014\u5c0f\u63d0\u7434\u5bb6 Agata Szymczewska\u4e00\u8d77\u7684\u6f14\u594f\u88ab\u5f55\u5236\u6210CD\uff0c\u5e76\u88ab\u6388\u4e88\u201c FRYDERYK\u201d\u5956\u3002<\/span><\/p>\n<p><span style=\"font-weight: 400;\">\u4ed6\u5f55\u5236\u4e865\u5f20\u5ba4\u5185\u4e50\u4e13\u8f91\uff0c\u66f2\u76ee\u5305\u62ec\u6709\u8212\u66fc\uff0c\u52c3\u62c9\u59c6\u65af\uff0c\u5f17\u5170\u514b\uff0c\u7406\u67e5\u5fb7\u00b7\u65af\u7279\u52b3\u65af\uff0c\u62c9\u5a01\u5c14\uff0c\u666e\u7f57\u79d1\u83f2\u8036\u592b\uff0c\u65bd\u5c3c\u7279\u514b\uff0c\u8096\u65af\u5854\u79d1\u7ef4\u5947\uff0c\u5362\u6258\u65af\u74e6\u592b\u65af\u57fa\u3002\u6709\u4ed6\u53c2\u4e0e\u5408\u4f5c\u6f14\u594f\u7684\u4e13\u8f9120\u4f59\u5f20\uff0c\u5e76\u6f14\u594f\u5f55\u5236\u4e86\u5f88\u591a\u7535\u89c6\u5f55\u50cf\u548c\u5e7f\u64ad\u5531\u7247\u3002<\/span><\/p>\n<p><span style=\"font-weight: 400;\">\u4ed6\u4e0e\u59bb\u5b50\u739b\u683c\u8fbe\uff08Magda\uff09\u548c\u4e09\u4e2a\u5b69\u5b50\u4e00\u8d77\u4f4f\u5728\u6ce2\u5170\u7684\u6bd4\u5f97\u54e5\u4ec0\uff08Bydgoszcz\uff09\u3002<\/span><br \/>\n[\/vc_column_text][\/vc_column][\/vc_row]\n<\/section>","protected":false},"excerpt":{"rendered":"<p>[vc_row][vc_column width=&#8221;1\/3&#8243;][\/vc_column][vc_column width=&#8221;2\/3&#8243;][vc_column_text]<br \/>\nMusician. Chamber music pianist. Born in 1971, Marcin Sikorski is recognized to be \u201ethe most outstanding Polish chamber pianist of his generation\u201d. His performances are highly acclaimed both by the audience and critics.<br \/>\nHis has given concerts with Bartek Nizio\u0142, Erin Keefe, Reiko Otani, Haik Kazazyan, Li Teng, Mei Diyang, Yan Tao, Alena Baeva, Veriko Tchumburidze, Jaros\u0142aw Br\u0119k, Katarzyna Polonek, \u0141ukasz B\u0142aszczyk, Krzysztof Polonek, Rafa\u0142 Kwiatkowski, Jaros\u0142aw Nadrzycki, Celina Kotz, Silesian String Quartet, AKADEMOS Quartet, Sinfonia Iuventus &#8230;<\/p>\n","protected":false},"author":1,"featured_media":0,"parent":6833,"menu_order":0,"comment_status":"closed","ping_status":"closed","template":"template_rightnav.php","meta":{"ngg_post_thumbnail":0,"footnotes":""},"featured_image_src":null,"featured_image_src_square":null,"_links":{"self":[{"href":"https:\/\/marcinbaranowski.com.pl\/en\/wp-json\/wp\/v2\/pages\/6932"}],"collection":[{"href":"https:\/\/marcinbaranowski.com.pl\/en\/wp-json\/wp\/v2\/pages"}],"about":[{"href":"https:\/\/marcinbaranowski.com.pl\/en\/wp-json\/wp\/v2\/types\/page"}],"author":[{"embeddable":true,"href":"https:\/\/marcinbaranowski.com.pl\/en\/wp-json\/wp\/v2\/users\/1"}],"replies":[{"embeddable":true,"href":"https:\/\/marcinbaranowski.com.pl\/en\/wp-json\/wp\/v2\/comments?post=6932"}],"version-history":[{"count":14,"href":"https:\/\/marcinbaranowski.com.pl\/en\/wp-json\/wp\/v2\/pages\/6932\/revisions"}],"predecessor-version":[{"id":11806,"href":"https:\/\/marcinbaranowski.com.pl\/en\/wp-json\/wp\/v2\/pages\/6932\/revisions\/11806"}],"up":[{"embeddable":true,"href":"https:\/\/marcinbaranowski.com.pl\/en\/wp-json\/wp\/v2\/pages\/6833"}],"wp:attachment":[{"href":"https:\/\/marcinbaranowski.com.pl\/en\/wp-json\/wp\/v2\/media?parent=6932"}],"curies":[{"name":"wp","href":"https:\/\/api.w.org\/{rel}","templated":true}]}}