{"id":6908,"date":"2013-04-20T09:25:22","date_gmt":"2013-04-20T07:25:22","guid":{"rendered":"http:\/\/marcinbaranowski.com.pl\/?page_id=6908"},"modified":"2020-03-29T23:37:29","modified_gmt":"2020-03-29T21:37:29","slug":"romanowski-jan","status":"publish","type":"page","link":"https:\/\/marcinbaranowski.com.pl\/en\/graduates-2\/romanowski-jan\/","title":{"rendered":"Romanowski Jan"},"content":{"rendered":"<p><!--:pl--><div class=\"one_third tt-column\">\n<div class=\"shadow_img_frame shadow_three_col_small tt_\"><div class=\"img-preload\"><img src='https:\/\/marcinbaranowski.com.pl\/wp-content\/themes\/karma\/framework\/extended\/timthumb\/timthumb.php?src=http:\/\/marcinbaranowski.com.pl\/wp-content\/uploads\/janromanowksibig.jpg&amp;h=113&amp;w=202' alt='' class=\"attachment-fadeIn\" \/><\/div><\/div>\n<\/div>\n<div class=\"two_thirds_last tt-column\">\n<p style=\"text-align: justify;\">Jan Romanowski \u2013 a violinist, a music teacher, a composer, an arranger<\/p>\n<p style=\"text-align: justify;\">Born on 14 September, 1978<br \/>\nIn 2001 he graduated with honors from the Ignacy Paderewski Academy of Music in Pozna\u0144, in theViolin Class of Professor M. Baranowski. He is a prize-winner of enormous number of competitions. In the Polish National S. Serwaczy\u0144ski Competition for Young Violinists in Lublin he won the third prize in 1990, and in 1998 the fourth one. As the first violinist of the Ensemble AGUTTI QUARTET he was awarded the third proze in the 13th International Interacademic Competition of Chamber Ensembles in \u0141\u00f3d\u017a in 1998. He also received an honorary degree in the Macroregional Auditions for Students from Secondary Schools of Music in Cracow (1993) and also in the Polish National Auditions for Students from Violin and Viola Classes in Elbl\u0105g (1993). He also participated in the 5th, the 6th and 7th K. Lipi\u0144ski and H. Wieniawski International Competition for Young Violinists in Lublin (1991, 1994, 1997) and in the First Family Groblicz International Violin Competition in Cracow in 1996. He was also a holder of a scholarship of Children\u2019s Art. Foundation.<br \/>\nHe improved his violin playing, taking part in the Hindemith Summer European Foundation Academy in Blonay (Switzerland) in 1996 and also in the Summer Music Academy in \u0179aga\u0144 (1994,1996,1997). His artistic output consists of numerous recitals and concerts, among others, those with the State Lublin Philharmonic, recordings for the Radio and Television in Lublin, and also performances within the cycles of lecture concerts of the State Philharmonic in Pozna\u0144.<\/p>\n<p style=\"text-align: justify;\">Being a student of the I. Paderewski Academy of Music in Pozna\u0144 he performed many times with the academic orchestra as a leader of the strings. In the years 1999 and 2000 he worked on the same post in the New Century Chamber Orchestra conducted by D. Tabisz.<br \/>\nAs a member of AGUTII QUARTET he toured in his country and abroad, among others, within the Berlin-Straussberg Jewish Music Festival with an outstanding clarinetist G. Feidman. In the years 1998-2001 he also cooperated with G. Bregovic\u2019s string orchestra, giving concerts all over the world. In 1998 he recorded music to the radio play \u201cMarina\u201d (compaser: A. D\u0105browski, direction: W. Modestowicz). In the same period he cooperated with The Eighth Day Theatre in Pozna\u0144 and Hanna Banaszak, too.<\/p>\n<p style=\"text-align: justify;\">Since 1998 he has been a cofounder and a member of the Ensemble TRIO TAUKLAMAKAN with which he has successfully been touring in Poland and in the world, performing, among others, folk music, Piazzolla\u2019s tangos and his own compositions (www.trio.taklamakan.pl).<\/p>\n<p style=\"text-align: justify;\">Since the beginning of 1999 he has begun his work as a violin teacher in the Group of Schools of Music in Pozna\u0144. Since then he has been preparing numerous programmes and and concerts promoting his school and also he has been organizing and he has been leading music workshops and musical and theatrical workshops during summer holidays. In 2005 he passed the examination, becoming appointed to a post of a music teacher and in September in 2006 he became the supervisor of the String Instruments and Guitar Section in the State Secondary Schol of Music.<\/p>\n<p style=\"text-align: justify;\">Since 2004 he has been a manager, an arranger and the artistic consultant of Mundana Quartet.<\/p>\n<p style=\"text-align: justify;\">At the end of 2004 he started the cooperation with The Artistic Platform O.B.O.R.A. in Pozna\u0144 which resulted in creating theatrical and musical performance \u201cOch Szcz\u0119\u015bcie\u201d (Oh Good Luck) directed by Janusz Andrzejewski, in which he performs as a musician and an actor with Trio Taklamakan at the same time. In August 2006 he was awarded the individual prize in the 15th Polish National Open-air Theater Festival in Warsaw.<\/p>\n<p style=\"text-align: justify;\">Since the beginning of 2005 he has started the regular artistic cooperation with the pianist, Micha\u0142 Karasiewicz, setting a classical duet for violin and piano, ARDENTE, in which hehas worked out an original concert programme of virtuoso\u2019s character.<\/p>\n<p style=\"text-align: justify;\">In the same year he became the member of the film group METAMORPHOSIS, creating and performing music to the film \u201cSzcz\u0119\u015bciarze\u201d (Lucky People), which was shown, among others, during The Feature Film Festival in Gdynia in 2006.<\/p>\n<p style=\"text-align: justify;\">For a few years he has been an inventor and a creator of the annual artistic project on the occasion of the International Music Day to which he invites the Pozna\u0144 friendly artists.<\/p>\n<p style=\"text-align: justify;\"><div class=\"hr_top_link\">&nbsp;<\/div><a href=\"#\" class=\"link-top\">top <\/a><br class=\"clear\" \/>\n<\/div><br class=\"clear\" \/><!--:--><!--:en--><div class=\"one_third tt-column\"><\/div>\n<!--:--><\/p>\n","protected":false},"excerpt":{"rendered":"<p><\/p>\n","protected":false},"author":1,"featured_media":0,"parent":6827,"menu_order":0,"comment_status":"open","ping_status":"open","template":"template_rightnav.php","meta":{"ngg_post_thumbnail":0,"footnotes":""},"featured_image_src":null,"featured_image_src_square":null,"_links":{"self":[{"href":"https:\/\/marcinbaranowski.com.pl\/en\/wp-json\/wp\/v2\/pages\/6908"}],"collection":[{"href":"https:\/\/marcinbaranowski.com.pl\/en\/wp-json\/wp\/v2\/pages"}],"about":[{"href":"https:\/\/marcinbaranowski.com.pl\/en\/wp-json\/wp\/v2\/types\/page"}],"author":[{"embeddable":true,"href":"https:\/\/marcinbaranowski.com.pl\/en\/wp-json\/wp\/v2\/users\/1"}],"replies":[{"embeddable":true,"href":"https:\/\/marcinbaranowski.com.pl\/en\/wp-json\/wp\/v2\/comments?post=6908"}],"version-history":[{"count":4,"href":"https:\/\/marcinbaranowski.com.pl\/en\/wp-json\/wp\/v2\/pages\/6908\/revisions"}],"predecessor-version":[{"id":11197,"href":"https:\/\/marcinbaranowski.com.pl\/en\/wp-json\/wp\/v2\/pages\/6908\/revisions\/11197"}],"up":[{"embeddable":true,"href":"https:\/\/marcinbaranowski.com.pl\/en\/wp-json\/wp\/v2\/pages\/6827"}],"wp:attachment":[{"href":"https:\/\/marcinbaranowski.com.pl\/en\/wp-json\/wp\/v2\/media?parent=6908"}],"curies":[{"name":"wp","href":"https:\/\/api.w.org\/{rel}","templated":true}]}}