{"id":6856,"date":"2013-04-20T08:13:44","date_gmt":"2013-04-20T06:13:44","guid":{"rendered":"http:\/\/marcinbaranowski.com.pl\/?page_id=6856"},"modified":"2020-03-29T23:23:21","modified_gmt":"2020-03-29T21:23:21","slug":"kaszuba-barbara","status":"publish","type":"page","link":"https:\/\/marcinbaranowski.com.pl\/en\/graduates-2\/kaszuba-barbara\/","title":{"rendered":"Kaszuba Barbara"},"content":{"rendered":"<p><!--:pl--><div class=\"one_third tt-column\">\n<div class=\"shadow_img_frame shadow_three_col_small tt_\"><div class=\"img-preload\"><img src='https:\/\/marcinbaranowski.com.pl\/wp-content\/themes\/karma\/framework\/extended\/timthumb\/timthumb.php?src=http:\/\/marcinbaranowski.com.pl\/wp-content\/uploads\/Barbarakaszuba-big.jpg&amp;h=113&amp;w=202' alt='' class=\"attachment-fadeIn\" \/><\/div><\/div>\n<\/div>\n<div class=\"two_thirds_last tt-column\">\n<p style=\"text-align: justify;\">Barbara Kaszuba was born in 1983 in Pozna\u0144; she is a graduate of a school of music called \u201cPozna\u0144 School of Talent\u201d in the violin class of Miros\u0142aw Bocek, MA (2002) and of the Fryderyk Chopin School of Music (piano in the the class of Barbara Jarantowska 2003). She is an alumna of Paderewski Academy of Music in Pozna\u0144 in the composition class by prof. Gra\u017cyna Pstroko\u0144ska-Nawratil (honours degree 2007); in 2005 study in Carl Maria Weber Academy of Music and Theatre in Dresden in the composition class by prof. W. Kraetschmar \u2013 Socrates program; in 2011 she obtained her diploma at the F. Nowowiejski Academy of Music in Bydgoszcz, where she had studied violin with Prof. Marcin Baranowski; since 2007 she works as an assistant in Paderewski Academy of Music in Pozna\u0144. In 2013 she received the doctor&#8217;s degree at the K. Lipi\u0144ski Academy of Music in Wroc\u0142aw.<br \/>\nShe tried to compose already in her childhood, submitting her work to critical evaluation of prof. Andrzej Koszewski, prof. Marek Stachowski, prof. Romuald Twardowski. She presented her works at festivals and many concerts in Poland and abroad \/Germany, Russia, England, Scotland, Lithuania, Holland, Ukraine, Belarus, Denmark, Norway, Sweden, Iceland\/. She took part in numerous radio and TV programs.<br \/>\nBarbara has got many prizes at competitions for composers:<\/p>\n<ul>\n<li>CANTABILE 95 in Krak\u00f3w \u2013 special prize to encourage her for further<\/li>\n<li>Czechowice-Dziedzice 1997 &#8211; award for the youngest participant; 2002 &#8211; distinction<\/li>\n<li>PATRI PATRIAE 98 in Katowice 98 \u2013 III prize<\/li>\n<li>CRESCENDO 99 in Tarn\u00f3w &#8211; Grand Prix<\/li>\n<li>IBLA 99 New York \u2013 Ragusa \u2013 V level<\/li>\n<li>Sanok 2003 &#8211; distinction<\/li>\n<li>Warsaw 2004, 2006 \u2013 (the Polish Composers Union) prize \u2013 performing<\/li>\n<li>at the International Festival for Contemporary Music Warsaw Autumn<\/li>\n<li>Krak\u00f3w 2004 (PWM Edition) \u2013 Distinction<\/li>\n<li>Wroc\u0142aw 2005 \u2013 I prize<\/li>\n<li>Sanok 2009 &#8211; Grand Prix<\/li>\n<li>Competition of Institute of Music and Dance \u2013 the programme Composer in residence &#8211; Polish Radio Chamber Orchestra Amadeus conducted by A. Duczmal<\/li>\n<li>As a performer Barbara was a finalist at the Competition of Music XX century for Young Performers in Radziejowice 1999, 2001; she also plays chamber music \/duo violin with accordion\/. In this category at international and polish competitions she received in:<\/li>\n<li>Sanok 2000 \u2013 I prize<\/li>\n<li>M\u0142awa 2001 \u2013 I prize<\/li>\n<li>Castelfidardo, Italy 2001 \u2013 II prize<\/li>\n<li>M\u0142awa 2002 &#8211; I prize<\/li>\n<li>Klingenthal, Germany 2002 \u2013 II prize<\/li>\n<li>Poprad 2003 &#8211; I prize, the special prize of European Union of Competition Youth (EMCY Art for Music Prize); Wroc\u0142aw 2006 \u2013 II prize<\/li>\n<li>Sarre-Union, France 2006 \u2013 Prix du Conseil General \/ Familiare\/<\/li>\n<\/ul>\n<p style=\"text-align: justify;\">Barbara was granted an artistic scholarship by Business and Professional Women\u2019s Club Pozna\u0144, the Ministry of Culture in the category \u2013 an artistic individuality \/1998, 2000, 2002, 2006\/, Djerasi-UNESCO\/ Woodside, California USA 2007; prize of polish journalists \u2013 Medal of Young Art \/2010\/, Marshal of disrickt in Wielkopolska \u2013 Summer course in Darmstadt (2012), Medal of H.Cegielski Association (2013).<br \/>\nHer works are published in ASTRA, FONOLA and PWM Edition in Poland and Chiola Music Press in Italy and performed by the soloists, ensembles and orchestra \/The Pomeranian Philharmonic conducted by M. J. B\u0142aszczyk, The Philharmonic in Cz\u0119stochowa conducted by Cz. Grabowski, Polish Radio Chamber Orchestra Amadeus conducted by A. Duczmal, The Tatra Chamber Orchestra conducted by A. Kreiner, Warsaw Camerata by P. Kos-Nowicki\/. Her first record My Music has come into being as a part of scholarship program \u201cYoung Poland\u201d organized also by the Ministry of Culture \/2004 \u2013 20005\/.<\/p>\n<div class=\"hr_top_link\">&nbsp;<\/div><a href=\"#\" class=\"link-top\">top <\/a><br class=\"clear\" \/>\n<\/div><br class=\"clear\" \/><!--:--><!--:en--><div class=\"one_third tt-column\"><\/div>\n<!--:--><\/p>\n","protected":false},"excerpt":{"rendered":"<p><\/p>\n","protected":false},"author":1,"featured_media":0,"parent":6827,"menu_order":0,"comment_status":"open","ping_status":"open","template":"template_rightnav.php","meta":{"ngg_post_thumbnail":0,"footnotes":""},"featured_image_src":null,"featured_image_src_square":null,"_links":{"self":[{"href":"https:\/\/marcinbaranowski.com.pl\/en\/wp-json\/wp\/v2\/pages\/6856"}],"collection":[{"href":"https:\/\/marcinbaranowski.com.pl\/en\/wp-json\/wp\/v2\/pages"}],"about":[{"href":"https:\/\/marcinbaranowski.com.pl\/en\/wp-json\/wp\/v2\/types\/page"}],"author":[{"embeddable":true,"href":"https:\/\/marcinbaranowski.com.pl\/en\/wp-json\/wp\/v2\/users\/1"}],"replies":[{"embeddable":true,"href":"https:\/\/marcinbaranowski.com.pl\/en\/wp-json\/wp\/v2\/comments?post=6856"}],"version-history":[{"count":9,"href":"https:\/\/marcinbaranowski.com.pl\/en\/wp-json\/wp\/v2\/pages\/6856\/revisions"}],"predecessor-version":[{"id":11174,"href":"https:\/\/marcinbaranowski.com.pl\/en\/wp-json\/wp\/v2\/pages\/6856\/revisions\/11174"}],"up":[{"embeddable":true,"href":"https:\/\/marcinbaranowski.com.pl\/en\/wp-json\/wp\/v2\/pages\/6827"}],"wp:attachment":[{"href":"https:\/\/marcinbaranowski.com.pl\/en\/wp-json\/wp\/v2\/media?parent=6856"}],"curies":[{"name":"wp","href":"https:\/\/api.w.org\/{rel}","templated":true}]}}