{"id":6854,"date":"2013-04-20T08:14:26","date_gmt":"2013-04-20T06:14:26","guid":{"rendered":"http:\/\/marcinbaranowski.com.pl\/?page_id=6854"},"modified":"2020-03-29T23:22:11","modified_gmt":"2020-03-29T21:22:11","slug":"januszajtis-aleksandra","status":"publish","type":"page","link":"https:\/\/marcinbaranowski.com.pl\/en\/graduates-2\/januszajtis-aleksandra\/","title":{"rendered":"Januszajtis Aleksandra"},"content":{"rendered":"<p><!--:pl--><div class=\"one_third tt-column\"><div class=\"shadow_img_frame shadow_three_col_small tt_\"><div class=\"img-preload\"><img src='https:\/\/marcinbaranowski.com.pl\/wp-content\/themes\/karma\/framework\/extended\/timthumb\/timthumb.php?src=http:\/\/marcinbaranowski.com.pl\/wp-content\/uploads\/aleksandra-januszajtis.jpg&amp;h=113&amp;w=202' alt='' class=\"attachment-fadeIn\" \/><\/div><\/div>\n<\/div>\n<div class=\"two_thirds_last tt-column\">\n<p style=\"text-align: justify;\">Aleksandra Januszajtis was born on the 7th of December 1967 in Gda\u0144sk to a musical and intellectual family. Already as a child she showed great talents in music, art and science. She started to learn the violin at the age of 5 with Jerzy Hazuka, MA. In 1986 she graduated with honours from the State Secondary Music School in Gda\u0144sk and started her studies at the Pozna\u0144 Music School with Prof. Jadwiga Kaliszewska and Prof. Marcin Baranowski. She graduated with honours a year earlier than regular students (after four years of studies). Receiving an American scholarship during summer courses in Blue Hill made it possible for her to continue violin studies at the Boston University with Prof. Roman Totenberg. Aleksanda spent a very hard-working year in Boston. She had university classes and lessons with her professor. Moreover, she was member of three orchestras: the University Orchestra, the New England Philharmonic and the Boston Chamber Orchestra. She did not have free time at all, but work gave her satisfaction. She was either concertmaster, first violin player or a soloist. Aleksandra had over a hundred violin works in her repertoire, including 12 concertos. Moreover, she attended sport classes and wrote dozens of detailed letters home. She worked intensively with a great teacher and participated actively in musical life on the highest level and, as a result, her interpretations became more profound and personal. She was a cheerful person, who had many friends, and a hard-working talent, who was respected and admired.<br \/>\nShe won 1st Prize at the violin auditions in Malbork and Special Prize at the International Competition for Young Violinists in Lublin in 1979, which opens a long list of her attainments. The following year, she won 2 nd Prize in Malbork and 4th Prize in Lublin. Her first international success was 1st Prize at the Interlochen International Arts Camp Concerto Competition (USA) in 1983. Participation in T. Varga&#8217;s Competition in Sion (Switzerland) in 1987 brought her a valuable Prize for Paganini&#8217;s Caprices. In 1989, there followed 2 nd Prize at the Chamber Music Competition in \u0141\u00f3d\u017a for F. Schubert&#8217;s Death and the Maiden Quartet and a very important 2nd Prize at the Z. Jahnke Competition in Pozna\u0144. In 1990, Aleksandra won Special Prize for Interpretation of Bach at the T. Wro\u0144ski Competition in Warsaw. She won the Concerto Competition in Boston in April 1991, where her interpretation of Sibelius&#8217;s Concerto was received with enthusiasm.<br \/>\nIn the end of May 1991, Aleksandra came back to Gda\u0144sk for &#8220;holidays&#8221;, during which she gave numerous concerts with the Lithuanian Chamber Orchestra (Kaunas \u2013 31.05, Gdynia \u2013 06.06 and 09.06, Sopot \u2013 07.06, Gda\u0144sk \u2013 08.06, Toru\u0144 \u2013 10.06, and Warsaw \u2013 11.06). She performed Vivaldi&#8217;s Four Seasons, a work she adored and had written her MA thesis on. After the concert in Warsaw, which took place in the Royal Castle, Jan Popis, the director of the Polish Radio, offered her a studio session and an exquisite recording was made. The last recording in her life.<\/p>\n<p>On the 1st July 1991 she was killed in an accident in the Tatra Mountains. A promising career abruptly ended.<\/p>\n<p>&#8220;<em>Polish art of violin suffered a huge loss. A 21-year old girl passed away, who had a great potential!<\/em>&#8221; (Wanda Obniska)<\/p>\n<p>&#8220;<em>Aleksandra, or Ola, as everybody called her, inspired her colleagues and teachers alike. Our lessons went so swiftly that I had the impression that they ended the very moment they started: this is because we discussed so many artistic possibilities. Being a real artist, Ola experienced deep emotions during each performance, put all her soul into the interpretation. At the same time, she wanted to perfect every detail, which earned her respect of the musicians<\/em>&#8221; (Roman Totenberg)<\/p>\n<p>&#8220;<em>In her music, she showed all her passion, tenderness, sensitivity and modesty, and an incredible talent that will live forever in our hearts and minds<\/em>&#8221; (David Hoose \u2013 conductor of the Boston University Orchestra)<\/p>\n<p>&#8220;<em>We can still see in front of us this petite figure, with a shock of beautiful red hair, playing music polished to a highest shine<\/em>&#8221; (Krystyna Domarkiene from the Lithuanian Chamber Orchestra)<\/p>\n<p>&#8220;<em>She played so beautifully! She was as bright as a sun ray and so full of life! Her presence made everybody joyful<\/em>&#8221; (Nancy Hawkins from the New England Philharmonic Orchestra)<\/p>\n<p>&#8220;<em>When I played Sibelius&#8217;s Concerto, I realised for the first time in my life that I like performing, being the soloist. I forgot about the stress and let myself be carried away by music. I love playing with an orchestra!<\/em>&#8221; (Aleksandra Januszajtis).<\/p>\n<p style=\"text-align: justify;\"><div class=\"hr_top_link\">&nbsp;<\/div><a href=\"#\" class=\"link-top\">top <\/a><br class=\"clear\" \/>\n<\/div><br class=\"clear\" \/><!--:--><!--:en--><div class=\"one_third tt-column\"><\/div>\n<!--:--><\/p>\n","protected":false},"excerpt":{"rendered":"<p><\/p>\n","protected":false},"author":1,"featured_media":0,"parent":6827,"menu_order":0,"comment_status":"open","ping_status":"open","template":"template_rightnav.php","meta":{"ngg_post_thumbnail":0,"footnotes":""},"featured_image_src":null,"featured_image_src_square":null,"_links":{"self":[{"href":"https:\/\/marcinbaranowski.com.pl\/en\/wp-json\/wp\/v2\/pages\/6854"}],"collection":[{"href":"https:\/\/marcinbaranowski.com.pl\/en\/wp-json\/wp\/v2\/pages"}],"about":[{"href":"https:\/\/marcinbaranowski.com.pl\/en\/wp-json\/wp\/v2\/types\/page"}],"author":[{"embeddable":true,"href":"https:\/\/marcinbaranowski.com.pl\/en\/wp-json\/wp\/v2\/users\/1"}],"replies":[{"embeddable":true,"href":"https:\/\/marcinbaranowski.com.pl\/en\/wp-json\/wp\/v2\/comments?post=6854"}],"version-history":[{"count":6,"href":"https:\/\/marcinbaranowski.com.pl\/en\/wp-json\/wp\/v2\/pages\/6854\/revisions"}],"predecessor-version":[{"id":11171,"href":"https:\/\/marcinbaranowski.com.pl\/en\/wp-json\/wp\/v2\/pages\/6854\/revisions\/11171"}],"up":[{"embeddable":true,"href":"https:\/\/marcinbaranowski.com.pl\/en\/wp-json\/wp\/v2\/pages\/6827"}],"wp:attachment":[{"href":"https:\/\/marcinbaranowski.com.pl\/en\/wp-json\/wp\/v2\/media?parent=6854"}],"curies":[{"name":"wp","href":"https:\/\/api.w.org\/{rel}","templated":true}]}}