{"id":6831,"date":"2013-04-20T08:09:13","date_gmt":"2013-04-20T06:09:13","guid":{"rendered":"http:\/\/marcinbaranowski.com.pl\/?page_id=6831"},"modified":"2026-01-18T22:29:33","modified_gmt":"2026-01-18T21:29:33","slug":"courses-2","status":"publish","type":"page","link":"https:\/\/marcinbaranowski.com.pl\/en\/courses-2\/","title":{"rendered":"COURSES"},"content":{"rendered":"<section class=\"wpb-content-wrapper\">[vc_row][vc_column][vc_row_inner][vc_column_inner]<div class=\"true-heading-wrap usDtxbTB tt_animate_none \"><h3>MASTERCLASS 2026<\/h3><\/div><h2 class=\"heading-horizontal\" style=\"margin:40px 0 20px 0;\"><span>WINTER 2026<\/span><\/h2>[\/vc_column_inner][\/vc_row_inner]<dl class=\"true-accordion  JBEIAHtM tt_animate_none\"><dt>Zimowy Kurs Muzyczny ``Jak Wieniawski``<\/dt><dd>\n<h3><\/h3>\n<h3><a href=\"https:\/\/www.jakwieniawski.pl\/\"><img decoding=\"async\" loading=\"lazy\" class=\"alignleft size-full wp-image-12000\" src=\"http:\/\/marcinbaranowski.com.pl\/wp-content\/uploads\/2021\/10\/logo__JakWieniawski_m2.png\" alt=\"\" width=\"248\" height=\"80\" \/><\/a><\/h3>\n<h3><a href=\"https:\/\/www.jakwieniawski.pl\/\">Zimowy Kurs Muzyczny &#8220;Jak Wieniawski&#8221;<\/a><\/h3>\n<p>2 &#8211; 5 January 2026<\/p><\/dd><dt>Zesp\u00f3\u0142 Pa\u0144stwowych Szk\u00f3\u0142 Muzycznych w Kielcach - Kursy Mistrzowskie<\/dt><dd>\n<h3>ZESP\u00d3\u0141 PA\u0143STWOWYCH SZK\u00d3\u0141 MUZYCZNYCH W KIELCACH &#8211; KURSY MISTRZOWSKIE<\/h3>\n<h3><\/h3>\n<p>17-21 january 2026<\/p><\/dd><dt>Winter Music Academy - Lus\u0142awice<\/dt><dd>\n<h3><\/h3>\n<h3><a href=\"https:\/\/penderecki-center.pl\/\">Zimowa Akademia Muzyki &#8211; Lus\u0142awice 2025<\/a><a href=\"https:\/\/www.jakwieniawski.pl\/\"><img decoding=\"async\" loading=\"lazy\" class=\"alignleft wp-image-11994 size-full\" src=\"http:\/\/marcinbaranowski.com.pl\/wp-content\/uploads\/2021\/10\/pender2.png\" alt=\"\" width=\"364\" height=\"138\" srcset=\"https:\/\/marcinbaranowski.com.pl\/wp-content\/uploads\/2021\/10\/pender2.png 364w, https:\/\/marcinbaranowski.com.pl\/wp-content\/uploads\/2021\/10\/pender2-300x114.png 300w\" sizes=\"(max-width: 364px) 100vw, 364px\" \/><\/a><\/h3>\n<p>15 &#8211; 21 February 2026<\/p><\/dd><\/dl><h2 class=\"heading-horizontal\" style=\"margin:40px 0 20px 0;\"><span>SUMMER 2026<\/span><\/h2>[\/vc_column][\/vc_row][vc_row][vc_column]<dl class=\"true-accordion  YQDJQfux tt_animate_none\"><dt>Wiosenne Kursy Mistrzowskie Przemy\u015bl<\/dt><dd><a href=\"https:\/\/www.wiosennekursy.pl\">Wiosenne Kursy Mistrzowskie Przemy\u015bl<\/a>\n<p>7 &#8211; 12 April 2026<\/p><\/dd><dt>Music Masterclass - Zesp\u00f3\u0142 Pa\u0144stwowych Szk\u00f3\u0142 Muzycznych w Kielcach<\/dt><dd>Zesp\u00f3\u0142 Pa\u0144stwowych Szk\u00f3\u0142 Muzycznych w Kielcach &#8211; Music Masterclass<\/dd><dt>52nd Zenon Brzewski International Music Coureses in \u0141a\u0144cut<\/dt><dd>\n<h3><a href=\"https:\/\/www.kursymuzyczne.pl\/application-2\/\">52nd Zenon Brzewski International Music Coureses in \u0141a\u0144cut<\/a><\/h3>\n<p>16 &#8211; 27 July 2026<\/p><\/dd><dt>XX Warszawskie Mi\u0119dzynarodowe Kursy Mistrzowskie w Radziejowicach<\/dt><dd>\n<h3><a href=\"https:\/\/www.palacradziejowice.pl\/\"><img decoding=\"async\" loading=\"lazy\" class=\"alignleft wp-image-11997\" src=\"http:\/\/marcinbaranowski.com.pl\/wp-content\/uploads\/2021\/10\/radziejowice_czarne_logo.png\" alt=\"Pa\u0142ac w Radziejowicach\" width=\"204\" height=\"96\" srcset=\"https:\/\/marcinbaranowski.com.pl\/wp-content\/uploads\/2021\/10\/radziejowice_czarne_logo.png 420w, https:\/\/marcinbaranowski.com.pl\/wp-content\/uploads\/2021\/10\/radziejowice_czarne_logo-300x141.png 300w\" sizes=\"(max-width: 204px) 100vw, 204px\" \/><\/a><\/h3>\n<h3><\/h3>\n<h3><a href=\"http:\/\/www.fundacjaedukacjikulturalnej.pl\/index.html\">XX Warszawskie Mi\u0119dzynarodowe Kursy Mistrzowskie w Radziejowicach<\/a><\/h3>\n<p>3 &#8211; 11 August 2026<\/p><\/dd><dt>Letni Mistrzowski Kurs Muzyczny Kazimierz nad Wis\u0142\u0105<\/dt><dd>\n<h3><a href=\"https:\/\/www.jakwieniawski.pl\/\"><img decoding=\"async\" loading=\"lazy\" class=\"alignleft wp-image-12000\" src=\"http:\/\/marcinbaranowski.com.pl\/wp-content\/uploads\/2021\/10\/logo__JakWieniawski_m2.png\" alt=\"Jak Wieniawski\" width=\"297\" height=\"96\" \/><\/a><\/h3>\n<h3><a href=\"https:\/\/www.jakwieniawski.pl\/kazimierz\/informacje\/pobyt-samodzielny\/\">Mistrzowski Kurs Muzyczny Kazimierz nad Wis\u0142\u0105<\/a><\/h3>\n<p>15 &#8211; 22 August 2025<\/p><\/dd><\/dl>[\/vc_column][\/vc_row]\n<\/section>","protected":false},"excerpt":{"rendered":"<p>[vc_row][vc_column][vc_row_inner][vc_column_inner][\/vc_column_inner][\/vc_row_inner][\/vc_column][\/vc_row][vc_row][vc_column][\/vc_column][\/vc_row]<\/p>\n","protected":false},"author":1,"featured_media":0,"parent":0,"menu_order":0,"comment_status":"closed","ping_status":"closed","template":"template-full-width.php","meta":{"ngg_post_thumbnail":0,"footnotes":""},"featured_image_src":null,"featured_image_src_square":null,"_links":{"self":[{"href":"https:\/\/marcinbaranowski.com.pl\/en\/wp-json\/wp\/v2\/pages\/6831"}],"collection":[{"href":"https:\/\/marcinbaranowski.com.pl\/en\/wp-json\/wp\/v2\/pages"}],"about":[{"href":"https:\/\/marcinbaranowski.com.pl\/en\/wp-json\/wp\/v2\/types\/page"}],"author":[{"embeddable":true,"href":"https:\/\/marcinbaranowski.com.pl\/en\/wp-json\/wp\/v2\/users\/1"}],"replies":[{"embeddable":true,"href":"https:\/\/marcinbaranowski.com.pl\/en\/wp-json\/wp\/v2\/comments?post=6831"}],"version-history":[{"count":99,"href":"https:\/\/marcinbaranowski.com.pl\/en\/wp-json\/wp\/v2\/pages\/6831\/revisions"}],"predecessor-version":[{"id":12936,"href":"https:\/\/marcinbaranowski.com.pl\/en\/wp-json\/wp\/v2\/pages\/6831\/revisions\/12936"}],"wp:attachment":[{"href":"https:\/\/marcinbaranowski.com.pl\/en\/wp-json\/wp\/v2\/media?parent=6831"}],"curies":[{"name":"wp","href":"https:\/\/api.w.org\/{rel}","templated":true}]}}