{"id":12358,"date":"2023-12-11T00:33:47","date_gmt":"2023-12-10T23:33:47","guid":{"rendered":"https:\/\/marcinbaranowski.com.pl\/?page_id=12358"},"modified":"2023-12-11T00:33:47","modified_gmt":"2023-12-10T23:33:47","slug":"klaptocz-blanka","status":"publish","type":"page","link":"https:\/\/marcinbaranowski.com.pl\/en\/pupils-and-students-2\/klaptocz-blanka\/","title":{"rendered":"K\u0142aptocz Blanka"},"content":{"rendered":"<section class=\"wpb-content-wrapper\">[vc_row][vc_column width=&#8221;1\/3&#8243;]<div class=\"shadow_img_frame shadow_three_col_small tt_animate_none true-img-none\"><div class=\"img-preload\"><img src='https:\/\/marcinbaranowski.com.pl\/wp-content\/themes\/karma\/framework\/extended\/timthumb\/timthumb.php?src=https:\/\/marcinbaranowski.com.pl\/wp-content\/uploads\/2023\/12\/BLANKA-KLAPTOCZ.jpeg&amp;h=113&amp;w=202' alt='' class=\"attachment-fadeIn\" \/><\/div><\/div>[\/vc_column][vc_column width=&#8221;2\/3&#8243;][vc_column_text]Blanka K\u0142aptocz urodzi\u0142a si\u0119 27 kwietnia 2004 roku w Cieszynie. Nauk\u0119 gry na skrzypcach rozpocz\u0119\u0142a w wieku 7 lat w Pa\u0144stwowej Szkole Muzycznej I i II stopnia im. Ignacego Jana Paderewskiego w Cieszynie w klasie skrzypiec mgr Barbary Litwiniuk, kt\u00f3r\u0105 z wyr\u00f3\u017cnieniem uko\u0144czy\u0142a w 2023 r. Uczestniczy\u0142a w kursie skrzypcowym w Kazimierzu Dolnym w 2023 r. gdzie pracowa\u0142a pod kierunkiem prof. Marcina Baranowskiego. Jest stypendystk\u0105 Funduszu Stypendialnego \u015al\u0105ska Cieszy\u0144skiego oraz Macierzy Ziemi Cieszy\u0144skiej w roku 2023. Obecnie studentka Akademii Muzycznej im. I.J. Paderewskiego w Poznaniu w klasie prof. Marcina Baranowskiego i dr Maximy Sitarz.[\/vc_column_text][\/vc_column][\/vc_row][vc_row][vc_column][vc_column_text]Osi\u0105gni\u0119cia:<\/p>\n<ul>\n<li>Wyr\u00f3\u017cnienie &#8211; \u00a0III Mi\u0119dzynarodowym Konkursie Skrzypcowym w Cieszynie 2014r.<\/li>\n<li>Wyr\u00f3\u017cnienie w XII Prezentacjach Miniatur Skrzypcowych w Sieradzu 2014 r.<\/li>\n<li>Wyr\u00f3\u017cnienie w XII Prezentacjach Miniatur Skrzypcowych w Sieradzu 2013 r.<\/li>\n<\/ul>\n[\/vc_column_text][\/vc_column][\/vc_row]\n<\/section>","protected":false},"excerpt":{"rendered":"<p>[vc_row][vc_column width=&#8221;1\/3&#8243;][\/vc_column][vc_column width=&#8221;2\/3&#8243;][vc_column_text]Blanka K\u0142aptocz urodzi\u0142a si\u0119 27 kwietnia 2004 roku w Cieszynie. Nauk\u0119 gry na skrzypcach rozpocz\u0119\u0142a w wieku 7 lat w Pa\u0144stwowej Szkole Muzycznej I i II stopnia im. Ignacego Jana Paderewskiego w Cieszynie w klasie skrzypiec mgr Barbary Litwiniuk, kt\u00f3r\u0105 z wyr\u00f3\u017cnieniem uko\u0144czy\u0142a w 2023 r. Uczestniczy\u0142a w kursie skrzypcowym w Kazimierzu Dolnym w 2023 r. gdzie pracowa\u0142a pod kierunkiem prof. Marcina Baranowskiego. Jest stypendystk\u0105 Funduszu Stypendialnego \u015al\u0105ska Cieszy\u0144skiego oraz Macierzy Ziemi Cieszy\u0144skiej w roku 2023. Obecnie studentka &#8230;<\/p>\n","protected":false},"author":1,"featured_media":0,"parent":6839,"menu_order":0,"comment_status":"closed","ping_status":"closed","template":"template_rightnav.php","meta":{"ngg_post_thumbnail":0,"footnotes":""},"featured_image_src":null,"featured_image_src_square":null,"_links":{"self":[{"href":"https:\/\/marcinbaranowski.com.pl\/en\/wp-json\/wp\/v2\/pages\/12358"}],"collection":[{"href":"https:\/\/marcinbaranowski.com.pl\/en\/wp-json\/wp\/v2\/pages"}],"about":[{"href":"https:\/\/marcinbaranowski.com.pl\/en\/wp-json\/wp\/v2\/types\/page"}],"author":[{"embeddable":true,"href":"https:\/\/marcinbaranowski.com.pl\/en\/wp-json\/wp\/v2\/users\/1"}],"replies":[{"embeddable":true,"href":"https:\/\/marcinbaranowski.com.pl\/en\/wp-json\/wp\/v2\/comments?post=12358"}],"version-history":[{"count":4,"href":"https:\/\/marcinbaranowski.com.pl\/en\/wp-json\/wp\/v2\/pages\/12358\/revisions"}],"predecessor-version":[{"id":12363,"href":"https:\/\/marcinbaranowski.com.pl\/en\/wp-json\/wp\/v2\/pages\/12358\/revisions\/12363"}],"up":[{"embeddable":true,"href":"https:\/\/marcinbaranowski.com.pl\/en\/wp-json\/wp\/v2\/pages\/6839"}],"wp:attachment":[{"href":"https:\/\/marcinbaranowski.com.pl\/en\/wp-json\/wp\/v2\/media?parent=12358"}],"curies":[{"name":"wp","href":"https:\/\/api.w.org\/{rel}","templated":true}]}}