{"id":12325,"date":"2023-12-11T00:20:16","date_gmt":"2023-12-10T23:20:16","guid":{"rendered":"https:\/\/marcinbaranowski.com.pl\/?page_id=12325"},"modified":"2023-12-11T00:20:16","modified_gmt":"2023-12-10T23:20:16","slug":"wroblewska-marcelina","status":"publish","type":"page","link":"https:\/\/marcinbaranowski.com.pl\/en\/pupils-and-students-2\/wroblewska-marcelina\/","title":{"rendered":"Wr\u00f3blewska Marcelina"},"content":{"rendered":"<section class=\"wpb-content-wrapper\">[vc_row][vc_column width=&#8221;1\/3&#8243;]<div class=\"shadow_img_frame shadow_three_col_small tt_animate_none true-img-none\"><div class=\"img-preload\"><img src='https:\/\/marcinbaranowski.com.pl\/wp-content\/themes\/karma\/framework\/extended\/timthumb\/timthumb.php?src=https:\/\/marcinbaranowski.com.pl\/wp-content\/uploads\/2023\/12\/MARCELINA-WROBLEWSKA-e1702250272875.jpeg&amp;h=113&amp;w=202' alt='' class=\"attachment-fadeIn\" \/><\/div><\/div>[\/vc_column][vc_column width=&#8221;2\/3&#8243;][vc_column_text]Marcelina Wr\u00f3blewska urodzi\u0142a si\u0119 16 lutego 2007 roku w Jeleniej G\u00f3rze. Nauk\u0119 gry na skrzypcach rozpocz\u0119\u0142a w wieku 6 lat. W latach 2013-2017 uczy\u0142a si\u0119 w Pa\u0144stwowej Szkole Muzycznej I st. im. Janiny Gar\u015bci w Jeleniej G\u00f3rze w klasie mgr Lucyny Pawlak. Od 2017 r. do 2023 r. by\u0142a uczennic\u0105 mgr Ludmi\u0142y So\u0142owiewicz w Pa\u0144stwowej Szkole Muzycznej I i II st. im. Stanis\u0142awa Moniuszki w Jeleniej G\u00f3rze.\u00a0Obecnie pozostaje pod opiek\u0105 pedagogiczn\u0105 prof. Marcina Baranowskiego i mgr Joanny Kreft.[\/vc_column_text][\/vc_column][\/vc_row][vc_row][vc_column][vc_column_text]Nagrody zdobyte na konkursach:<\/p>\n<ul>\n<li>III Nagroda &#8211; Mi\u0119dzynarodowy konkurs \u201eMuzyka Mistrz\u00f3w&#8221; Jelenia G\u00f3ra 2015<\/li>\n<li>I Nagroda &#8211; II Mi\u0119dzyszkolny konkurs muzyki polskiej Jelenia G\u00f3ra 2021<\/li>\n<li>I Nagroda &#8211; III Mi\u0119dzyszkolny konkurs muzyki polskiej Jelenia G\u00f3ra 2022<\/li>\n<\/ul>\n[\/vc_column_text][\/vc_column][\/vc_row]\n<\/section>","protected":false},"excerpt":{"rendered":"<p>[vc_row][vc_column width=&#8221;1\/3&#8243;][\/vc_column][vc_column width=&#8221;2\/3&#8243;][vc_column_text]Marcelina Wr\u00f3blewska urodzi\u0142a si\u0119 16 lutego 2007 roku w Jeleniej G\u00f3rze. Nauk\u0119 gry na skrzypcach rozpocz\u0119\u0142a w wieku 6 lat. W latach 2013-2017 uczy\u0142a si\u0119 w Pa\u0144stwowej Szkole Muzycznej I st. im. Janiny Gar\u015bci w Jeleniej G\u00f3rze w klasie mgr Lucyny Pawlak. Od 2017 r. do 2023 r. by\u0142a uczennic\u0105 mgr Ludmi\u0142y So\u0142owiewicz w Pa\u0144stwowej Szkole Muzycznej I i II st. im. Stanis\u0142awa Moniuszki w Jeleniej G\u00f3rze.\u00a0Obecnie pozostaje pod opiek\u0105 pedagogiczn\u0105 prof. Marcina Baranowskiego i mgr Joanny Kreft.[\/vc_column_text][\/vc_column][\/vc_row][vc_row][vc_column][vc_column_text]Nagrody &#8230;<\/p>\n","protected":false},"author":1,"featured_media":0,"parent":6839,"menu_order":0,"comment_status":"closed","ping_status":"closed","template":"template_rightnav.php","meta":{"ngg_post_thumbnail":0,"footnotes":""},"featured_image_src":null,"featured_image_src_square":null,"_links":{"self":[{"href":"https:\/\/marcinbaranowski.com.pl\/en\/wp-json\/wp\/v2\/pages\/12325"}],"collection":[{"href":"https:\/\/marcinbaranowski.com.pl\/en\/wp-json\/wp\/v2\/pages"}],"about":[{"href":"https:\/\/marcinbaranowski.com.pl\/en\/wp-json\/wp\/v2\/types\/page"}],"author":[{"embeddable":true,"href":"https:\/\/marcinbaranowski.com.pl\/en\/wp-json\/wp\/v2\/users\/1"}],"replies":[{"embeddable":true,"href":"https:\/\/marcinbaranowski.com.pl\/en\/wp-json\/wp\/v2\/comments?post=12325"}],"version-history":[{"count":4,"href":"https:\/\/marcinbaranowski.com.pl\/en\/wp-json\/wp\/v2\/pages\/12325\/revisions"}],"predecessor-version":[{"id":12330,"href":"https:\/\/marcinbaranowski.com.pl\/en\/wp-json\/wp\/v2\/pages\/12325\/revisions\/12330"}],"up":[{"embeddable":true,"href":"https:\/\/marcinbaranowski.com.pl\/en\/wp-json\/wp\/v2\/pages\/6839"}],"wp:attachment":[{"href":"https:\/\/marcinbaranowski.com.pl\/en\/wp-json\/wp\/v2\/media?parent=12325"}],"curies":[{"name":"wp","href":"https:\/\/api.w.org\/{rel}","templated":true}]}}