{"id":12312,"date":"2023-12-11T00:15:32","date_gmt":"2023-12-10T23:15:32","guid":{"rendered":"https:\/\/marcinbaranowski.com.pl\/?page_id=12312"},"modified":"2023-12-11T00:15:32","modified_gmt":"2023-12-10T23:15:32","slug":"kurowska-anna","status":"publish","type":"page","link":"https:\/\/marcinbaranowski.com.pl\/en\/pupils-and-students-2\/kurowska-anna\/","title":{"rendered":"Kurowska Anna"},"content":{"rendered":"<section class=\"wpb-content-wrapper\">[vc_row][vc_column width=&#8221;1\/3&#8243;]<div class=\"shadow_img_frame shadow_three_col_small tt_animate_none true-img-none\"><div class=\"img-preload\"><img src='https:\/\/marcinbaranowski.com.pl\/wp-content\/themes\/karma\/framework\/extended\/timthumb\/timthumb.php?src=https:\/\/marcinbaranowski.com.pl\/wp-content\/uploads\/2023\/12\/ANNA-KUROWSKA.jpeg&amp;h=113&amp;w=202' alt='' class=\"attachment-fadeIn\" \/><\/div><\/div>[\/vc_column][vc_column width=&#8221;2\/3&#8243;][vc_column_text]Anna Kurowska urodzi\u0142a si\u0119 5 lipca 2006 roku w Krakowie. Nauk\u0119 gry na skrzypcach rozpocz\u0119\u0142a w Og\u00f3lnokszta\u0142c\u0105cej Szkole Muzycznej im. Ignacego Jana Paderewskiego w Krakowie. Od 2022 roku ucz\u0119szcza\u0142a do Pa\u0144stwowej Szko\u0142y Muzycznej II st. im. W\u0142adys\u0142awa \u017bele\u0144skiego kontynuuj\u0105c nauk\u0119 gry na skrzypcach pod kierunkiem mgr Anny Hary-Pi\u00f3ro. Od wrze\u015bnia 2023 roku kszta\u0142ci si\u0119 \u00a0 w Poznaniu w klasie prof. Marcina Baranowskiego i mgr Joanny Kreft.\u00a0Wyst\u0119powa\u0142a z orkiestr\u0105 kameraln\u0105 Accademia Dell\u2019Arco podczas koncertu ,,M\u0142odzi Wirtuozi\u201d oraz uczestniczy\u0142a w licznych kursach mistrzowskich pod kierunkiem profesor\u00f3w: Romana Lasockiego, Yaira Klessa, Janusza Wawrowskiego, Dominiki Falger, Paw\u0142a Radzi\u0144skiego oraz Marcina Baranowskiego. Gra na skrzypcach mistrza Stanis\u0142awa Kr\u00f3la z 2019 roku.[\/vc_column_text][\/vc_column][\/vc_row][vc_row][vc_column][vc_column_text]Jest laureatk\u0105 konkurs\u00f3w:<\/p>\n<ul>\n<li>Z\u0142oty medal &#8211; XII Mi\u0119dzynarodowy Festiwal Muzyczno &#8211; Artystyczny Sfogato &#8211; 2021<\/li>\n<li>Tytu\u0142 laureata &#8211; Og\u00f3lnopolski Konkurs dla skrzypk\u00f3w, altowiolist\u00f3w, wiolonczelist\u00f3w i kontrabasist\u00f3w w ramach V Festiwalu Presto -2021<\/li>\n<\/ul>\n[\/vc_column_text][\/vc_column][\/vc_row]\n<\/section>","protected":false},"excerpt":{"rendered":"<p>[vc_row][vc_column width=&#8221;1\/3&#8243;][\/vc_column][vc_column width=&#8221;2\/3&#8243;][vc_column_text]Anna Kurowska urodzi\u0142a si\u0119 5 lipca 2006 roku w Krakowie. Nauk\u0119 gry na skrzypcach rozpocz\u0119\u0142a w Og\u00f3lnokszta\u0142c\u0105cej Szkole Muzycznej im. Ignacego Jana Paderewskiego w Krakowie. Od 2022 roku ucz\u0119szcza\u0142a do Pa\u0144stwowej Szko\u0142y Muzycznej II st. im. W\u0142adys\u0142awa \u017bele\u0144skiego kontynuuj\u0105c nauk\u0119 gry na skrzypcach pod kierunkiem mgr Anny Hary-Pi\u00f3ro. Od wrze\u015bnia 2023 roku kszta\u0142ci si\u0119 \u00a0 w Poznaniu w klasie prof. Marcina Baranowskiego i mgr Joanny Kreft.\u00a0Wyst\u0119powa\u0142a z orkiestr\u0105 kameraln\u0105 Accademia Dell\u2019Arco podczas koncertu ,,M\u0142odzi Wirtuozi\u201d oraz uczestniczy\u0142a w &#8230;<\/p>\n","protected":false},"author":1,"featured_media":0,"parent":6839,"menu_order":0,"comment_status":"closed","ping_status":"closed","template":"template_rightnav.php","meta":{"ngg_post_thumbnail":0,"footnotes":""},"featured_image_src":null,"featured_image_src_square":null,"_links":{"self":[{"href":"https:\/\/marcinbaranowski.com.pl\/en\/wp-json\/wp\/v2\/pages\/12312"}],"collection":[{"href":"https:\/\/marcinbaranowski.com.pl\/en\/wp-json\/wp\/v2\/pages"}],"about":[{"href":"https:\/\/marcinbaranowski.com.pl\/en\/wp-json\/wp\/v2\/types\/page"}],"author":[{"embeddable":true,"href":"https:\/\/marcinbaranowski.com.pl\/en\/wp-json\/wp\/v2\/users\/1"}],"replies":[{"embeddable":true,"href":"https:\/\/marcinbaranowski.com.pl\/en\/wp-json\/wp\/v2\/comments?post=12312"}],"version-history":[{"count":4,"href":"https:\/\/marcinbaranowski.com.pl\/en\/wp-json\/wp\/v2\/pages\/12312\/revisions"}],"predecessor-version":[{"id":12319,"href":"https:\/\/marcinbaranowski.com.pl\/en\/wp-json\/wp\/v2\/pages\/12312\/revisions\/12319"}],"up":[{"embeddable":true,"href":"https:\/\/marcinbaranowski.com.pl\/en\/wp-json\/wp\/v2\/pages\/6839"}],"wp:attachment":[{"href":"https:\/\/marcinbaranowski.com.pl\/en\/wp-json\/wp\/v2\/media?parent=12312"}],"curies":[{"name":"wp","href":"https:\/\/api.w.org\/{rel}","templated":true}]}}