{"id":12287,"date":"2023-12-11T00:03:06","date_gmt":"2023-12-10T23:03:06","guid":{"rendered":"https:\/\/marcinbaranowski.com.pl\/?page_id=12287"},"modified":"2023-12-11T00:05:03","modified_gmt":"2023-12-10T23:05:03","slug":"prusik-roza","status":"publish","type":"page","link":"https:\/\/marcinbaranowski.com.pl\/en\/pupils-and-students-2\/prusik-roza\/","title":{"rendered":"Prusik R\u00f3\u017ca"},"content":{"rendered":"<section class=\"wpb-content-wrapper\">[vc_row][vc_column width=&#8221;1\/3&#8243;]<div class=\"shadow_img_frame shadow_three_col_small tt_animate_none true-img-none\"><div class=\"img-preload\"><img src='https:\/\/marcinbaranowski.com.pl\/wp-content\/themes\/karma\/framework\/extended\/timthumb\/timthumb.php?src=https:\/\/marcinbaranowski.com.pl\/wp-content\/uploads\/2023\/12\/ROZA-PRUSIK-e1702249544688.jpeg&amp;h=113&amp;w=202' alt='' class=\"attachment-fadeIn\" \/><\/div><\/div>[\/vc_column][vc_column width=&#8221;2\/3&#8243;][vc_column_text]\n<p style=\"text-align: justify;\">R\u00f3\u017ca Prusik urodzi\u0142a si\u0119 24 marca 2005 roku w Sosnowcu. Nauk\u0119 gry na skrzypcach rozpocz\u0119\u0142a w wieku 6 lat w Zespole Szk\u00f3\u0142 Muzycznych im. Micha\u0142a Spisaka w D\u0105browie G\u00f3rniczej w klasie skrzypiec Jana Ku\u0107mierczyka. W latach 2017-2023 uczy\u0142a si\u0119 w Pa\u0144stwowej Szkole Muzycznej im. Mieczys\u0142awa Kar\u0142owicza w Katowicach w klasie skrzypiec El\u017cbiety Pisarskiej. Obecnie uczy si\u0119 w Akademii Muzycznej im. F. Nowowiejskiego w klasie profesora Marcina Baranowskiego.<\/p>\n[\/vc_column_text][\/vc_column][\/vc_row][vc_row][vc_column][vc_column_text]Osi\u0105gni\u0119cia konkursowe:<\/p>\n<ul>\n<li>1 Nagroda &#8211; 2 i 3 Olkuski Festiwal Skrzypcowy \u201eMa\u0142y Violinista&#8221; Olkusz 2012 i 2013<\/li>\n<li>2 Nagroda &#8211; Mi\u0119dzynarodowy Konkurs Skrzypcowy Vivaldi 335 Wieliczka 2013<\/li>\n<li>3 Nagroda &#8211; 4 Polsko- Niemiecki Konkurs Zespo\u0142\u00f3w Kameralnych \u017bary 2016<\/li>\n<li>3 Nagroda &#8211; 4 Og\u00f3lnopolski Konkurs Zespo\u0142\u00f3w Kameralnych &#8211; Muzykowanie w Trzcianie 2017<\/li>\n<\/ul>\n<p>&nbsp;<\/p>\n<p>Bra\u0142a udzia\u0142 w Kursach mistrzowskich w klasie prof. Jana Romanowskiego, Marii Fraski, Marcina Baranowskiego.[\/vc_column_text][\/vc_column][\/vc_row]\n<\/section>","protected":false},"excerpt":{"rendered":"<p>[vc_row][vc_column width=&#8221;1\/3&#8243;][\/vc_column][vc_column width=&#8221;2\/3&#8243;][vc_column_text]<br \/>\nR\u00f3\u017ca Prusik urodzi\u0142a si\u0119 24 marca 2005 roku w Sosnowcu. Nauk\u0119 gry na skrzypcach rozpocz\u0119\u0142a w wieku 6 lat w Zespole Szk\u00f3\u0142 Muzycznych im. Micha\u0142a Spisaka w D\u0105browie G\u00f3rniczej w klasie skrzypiec Jana Ku\u0107mierczyka. W latach 2017-2023 uczy\u0142a si\u0119 w Pa\u0144stwowej Szkole Muzycznej im. Mieczys\u0142awa Kar\u0142owicza w Katowicach w klasie skrzypiec El\u017cbiety Pisarskiej. Obecnie uczy si\u0119 w Akademii Muzycznej im. F. Nowowiejskiego w klasie profesora Marcina Baranowskiego.<br \/>\n[\/vc_column_text][\/vc_column][\/vc_row][vc_row][vc_column][vc_column_text]Osi\u0105gni\u0119cia konkursowe:<\/p>\n<p>1 Nagroda &#8211; 2 i 3 Olkuski &#8230;<\/p>\n","protected":false},"author":1,"featured_media":0,"parent":6839,"menu_order":0,"comment_status":"closed","ping_status":"closed","template":"template_rightnav.php","meta":{"ngg_post_thumbnail":0,"footnotes":""},"featured_image_src":null,"featured_image_src_square":null,"_links":{"self":[{"href":"https:\/\/marcinbaranowski.com.pl\/en\/wp-json\/wp\/v2\/pages\/12287"}],"collection":[{"href":"https:\/\/marcinbaranowski.com.pl\/en\/wp-json\/wp\/v2\/pages"}],"about":[{"href":"https:\/\/marcinbaranowski.com.pl\/en\/wp-json\/wp\/v2\/types\/page"}],"author":[{"embeddable":true,"href":"https:\/\/marcinbaranowski.com.pl\/en\/wp-json\/wp\/v2\/users\/1"}],"replies":[{"embeddable":true,"href":"https:\/\/marcinbaranowski.com.pl\/en\/wp-json\/wp\/v2\/comments?post=12287"}],"version-history":[{"count":6,"href":"https:\/\/marcinbaranowski.com.pl\/en\/wp-json\/wp\/v2\/pages\/12287\/revisions"}],"predecessor-version":[{"id":12297,"href":"https:\/\/marcinbaranowski.com.pl\/en\/wp-json\/wp\/v2\/pages\/12287\/revisions\/12297"}],"up":[{"embeddable":true,"href":"https:\/\/marcinbaranowski.com.pl\/en\/wp-json\/wp\/v2\/pages\/6839"}],"wp:attachment":[{"href":"https:\/\/marcinbaranowski.com.pl\/en\/wp-json\/wp\/v2\/media?parent=12287"}],"curies":[{"name":"wp","href":"https:\/\/api.w.org\/{rel}","templated":true}]}}