{"id":12210,"date":"2023-12-10T23:43:28","date_gmt":"2023-12-10T22:43:28","guid":{"rendered":"https:\/\/marcinbaranowski.com.pl\/?page_id=12210"},"modified":"2024-01-02T22:43:29","modified_gmt":"2024-01-02T21:43:29","slug":"winners_2023","status":"publish","type":"page","link":"https:\/\/marcinbaranowski.com.pl\/en\/winners\/winners_2023\/","title":{"rendered":"WINNERS 2023"},"content":{"rendered":"<section class=\"wpb-content-wrapper\">[vc_row][vc_column][vc_column_text]<strong>Jakub Staszel<\/strong><\/p>\n<ul>\n<li style=\"list-style-type: none;\">\n<ul>\n<li>First Prize 10th Stockholm International Music Competition 2023<\/li>\n<li>3rd Prize International Karol Szymanowski Music Competition Katowice 2023<\/li>\n<li>2nd Prize at the 3rd Gra\u017cyna Bacewicz International Violin Competition, \u0141\u00f3d\u017a 2023<\/li>\n<\/ul>\n<\/li>\n<\/ul>\n<p><strong>Zofia Olesik<\/strong><\/p>\n<ul>\n<li style=\"list-style-type: none;\">\n<ul>\n<li>GRAND PRIX at the 1st All Ukrainian Festival-Competition &#8220;Maestro dell&#8217; Arco&#8221; Kiev 2023 in Ukraine<\/li>\n<\/ul>\n<\/li>\n<\/ul>\n<p><strong>Zofia Vasilenko<\/strong><\/p>\n<ul>\n<li style=\"list-style-type: none;\">\n<ul>\n<li>3rd Prize International String Instruments Competition Elbl\u0105g 2023<\/li>\n<\/ul>\n<\/li>\n<\/ul>\n<p><strong>Michalina Reksa<\/strong><\/p>\n<ul>\n<li style=\"list-style-type: none;\">\n<ul>\n<li>Distinction &#8211; International String Instruments Competition Elbl\u0105g 2023<\/li>\n<li>2nd Prize &#8220;New Stars&#8221; International Competition for Talented Young Musicians Pary\u017c 2023<\/li>\n<li>2nd Prize London Classical Music Competition Londyn 2023<\/li>\n<li>Gold Prize Winner &#8211; junior category Euterpe Music Awards Berlin 2023I nagroda International Competition \u201eGolden Classical Music Awards&#8221; Nowy Jork 2023<\/li>\n<li>First Prize International Competition &#8220;Golden Classical Music Awards&#8221; New York 2023<\/li>\n<\/ul>\n<\/li>\n<\/ul>\n<p><strong>Oliwia Walczak<\/strong><\/p>\n<ul>\n<li style=\"list-style-type: none;\">\n<ul>\n<li>3rd Prize International String Instruments Competition Elbl\u0105g 2023<\/li>\n<li>First Prize Europe Music Competition.<\/li>\n<\/ul>\n<\/li>\n<\/ul>\n<p><strong>Izabela Krzystek<\/strong><\/p>\n<ul>\n<li style=\"list-style-type: none;\">\n<ul>\n<li>4th Prize &#8211; Beethoven Young Musician Competition 2023<\/li>\n<\/ul>\n<\/li>\n<\/ul>\n<p><strong>Joanna Habich<\/strong><\/p>\n<ul>\n<li style=\"list-style-type: none;\">\n<ul>\n<li>First Prize at the 5th Wanda Wi\u0142komirska International Polish Music Competition, Cz\u0119stochowa 2023<\/li>\n<\/ul>\n<\/li>\n<\/ul>\n<p><strong>Julia B\u0142achuta<\/strong><\/p>\n<ul>\n<li style=\"list-style-type: none;\">\n<ul>\n<li>2nd Prize at the 12th St. Serwaczy\u0144ski All-Polish Violin Competition, Lublin 2023<\/li>\n<\/ul>\n<\/li>\n<\/ul>\n[\/vc_column_text][\/vc_column][\/vc_row]\n<\/section>","protected":false},"excerpt":{"rendered":"<p>[vc_row][vc_column][vc_column_text]Jakub Staszel<\/p>\n<p>First Prize 10th Stockholm International Music Competition 2023<br \/>\n3rd Prize International Karol Szymanowski Music Competition Katowice 2023<br \/>\n2nd Prize at the 3rd Gra\u017cyna Bacewicz International Violin Competition, \u0141\u00f3d\u017a 2023<\/p>\n<p>Zofia Olesik<\/p>\n<p>GRAND PRIX at the 1st All Ukrainian Festival-Competition &#8220;Maestro dell&#8217; Arco&#8221; Kiev 2023 in Ukraine<\/p>\n<p>Zofia Vasilenko<\/p>\n<p>3rd Prize International String Instruments Competition Elbl\u0105g 2023<\/p>\n<p>Michalina Reksa<\/p>\n<p><br ...\n<\/p>\n","protected":false},"author":1,"featured_media":0,"parent":6832,"menu_order":0,"comment_status":"closed","ping_status":"closed","template":"template_rightnav.php","meta":{"ngg_post_thumbnail":0,"footnotes":""},"featured_image_src":null,"featured_image_src_square":null,"_links":{"self":[{"href":"https:\/\/marcinbaranowski.com.pl\/en\/wp-json\/wp\/v2\/pages\/12210"}],"collection":[{"href":"https:\/\/marcinbaranowski.com.pl\/en\/wp-json\/wp\/v2\/pages"}],"about":[{"href":"https:\/\/marcinbaranowski.com.pl\/en\/wp-json\/wp\/v2\/types\/page"}],"author":[{"embeddable":true,"href":"https:\/\/marcinbaranowski.com.pl\/en\/wp-json\/wp\/v2\/users\/1"}],"replies":[{"embeddable":true,"href":"https:\/\/marcinbaranowski.com.pl\/en\/wp-json\/wp\/v2\/comments?post=12210"}],"version-history":[{"count":16,"href":"https:\/\/marcinbaranowski.com.pl\/en\/wp-json\/wp\/v2\/pages\/12210\/revisions"}],"predecessor-version":[{"id":12379,"href":"https:\/\/marcinbaranowski.com.pl\/en\/wp-json\/wp\/v2\/pages\/12210\/revisions\/12379"}],"up":[{"embeddable":true,"href":"https:\/\/marcinbaranowski.com.pl\/en\/wp-json\/wp\/v2\/pages\/6832"}],"wp:attachment":[{"href":"https:\/\/marcinbaranowski.com.pl\/en\/wp-json\/wp\/v2\/media?parent=12210"}],"curies":[{"name":"wp","href":"https:\/\/api.w.org\/{rel}","templated":true}]}}