{"id":8986,"date":"2015-09-20T16:10:01","date_gmt":"2015-09-20T14:10:01","guid":{"rendered":"http:\/\/marcinbaranowski.com.pl\/pupils-and-students-2\/bobin-vida\/"},"modified":"2020-03-29T23:17:47","modified_gmt":"2020-03-29T21:17:47","slug":"bobin-vida","status":"publish","type":"page","link":"http:\/\/marcinbaranowski.com.pl\/en\/graduates-2\/bobin-vida\/","title":{"rendered":"Bobin Vida"},"content":{"rendered":"<div class=\"one_third tt-column\">\n<div class=\"shadow_img_frame shadow_three_col_small tt_\"><div class=\"img-preload\"><img src='http:\/\/marcinbaranowski.com.pl\/wp-content\/uploads\/\/VIDA_BOBIN-202x113.jpg' alt='' class=\"attachment-fadeIn\" \/><\/div><\/div>\n<\/div>\n<p style=\"text-align: justify;\"><div class=\"two_thirds_last tt-column\">\n<p>Vida Bobin was born on 17 December 1992 in Suwalki. At the age of 8 she started to learn the violin at the State School of Music in Punsk with Stanislaw Piotrowski. Later, in 2005 \u2013 2011 she studied in the State School of Music in Suwalki with BeataChudecka. In 2010 \u2013 2011 she received the scholarship of the Prime Minister of Poland; in 2011 she was awarded with the second prize at the Regional Violin Students Competition in Olsztyn.<\/p>\n<p>Vida studied Art of Performance (specialization: violin) at the Lithuanian Music and Theatre Academy in Vilnius with prof. Undin\u0117 Jag\u0117lait\u0117 \u2013 Lipinaitien\u0117. In 2013 she was awarded a distinction at the Domas Svirskis String Instruments Competition in Vilnius and in 2014 she won the third prize at the 14. Lithuanian Composers Chamber Music Competition.\u00a0 She has participated various master classes, studying with prof. Marcin Baranowski, prof. Boris Garlitsky, prof. Natalia Sakkos, Tobias Granmo. She cooperated with the Suwalki Chamber Orchestra, Animato Foundation Orchestra, Baltic Youth Philharmonic.<\/p>\n<div class=\"hr_top_link\">&nbsp;<\/div><a href=\"#\" class=\"link-top\">top <\/a><br class=\"clear\" \/>\n<\/div><br class=\"clear\" \/>\n","protected":false},"excerpt":{"rendered":"<p><\/p>\n","protected":false},"author":1,"featured_media":0,"parent":6827,"menu_order":0,"comment_status":"open","ping_status":"open","template":"template_rightnav.php","meta":{"ngg_post_thumbnail":0,"footnotes":""},"featured_image_src":null,"featured_image_src_square":null,"_links":{"self":[{"href":"http:\/\/marcinbaranowski.com.pl\/en\/wp-json\/wp\/v2\/pages\/8986"}],"collection":[{"href":"http:\/\/marcinbaranowski.com.pl\/en\/wp-json\/wp\/v2\/pages"}],"about":[{"href":"http:\/\/marcinbaranowski.com.pl\/en\/wp-json\/wp\/v2\/types\/page"}],"author":[{"embeddable":true,"href":"http:\/\/marcinbaranowski.com.pl\/en\/wp-json\/wp\/v2\/users\/1"}],"replies":[{"embeddable":true,"href":"http:\/\/marcinbaranowski.com.pl\/en\/wp-json\/wp\/v2\/comments?post=8986"}],"version-history":[{"count":2,"href":"http:\/\/marcinbaranowski.com.pl\/en\/wp-json\/wp\/v2\/pages\/8986\/revisions"}],"predecessor-version":[{"id":11161,"href":"http:\/\/marcinbaranowski.com.pl\/en\/wp-json\/wp\/v2\/pages\/8986\/revisions\/11161"}],"up":[{"embeddable":true,"href":"http:\/\/marcinbaranowski.com.pl\/en\/wp-json\/wp\/v2\/pages\/6827"}],"wp:attachment":[{"href":"http:\/\/marcinbaranowski.com.pl\/en\/wp-json\/wp\/v2\/media?parent=8986"}],"curies":[{"name":"wp","href":"https:\/\/api.w.org\/{rel}","templated":true}]}}