{"id":6941,"date":"2013-04-20T09:40:44","date_gmt":"2013-04-20T07:40:44","guid":{"rendered":"http:\/\/marcinbaranowski.com.pl\/?page_id=6941"},"modified":"2020-03-29T23:17:12","modified_gmt":"2020-03-29T21:17:12","slug":"bidler-justyna","status":"publish","type":"page","link":"http:\/\/marcinbaranowski.com.pl\/en\/graduates-2\/bidler-justyna\/","title":{"rendered":"Bidler Justyna"},"content":{"rendered":"<div class=\"one_third tt-column\">\n<div class=\"shadow_img_frame shadow_three_col_small tt_\"><div class=\"img-preload\"><img src='http:\/\/marcinbaranowski.com.pl\/wp-content\/uploads\/\/JBidler-202x113.jpg' alt='' class=\"attachment-fadeIn\" \/><\/div><\/div>\n<\/div>\n<div class=\"two_thirds_last tt-column\">\n<p>Justyna Bidler was born on 5 February, 1991 in Piotrk\u00f3w Trybunalski. She started learning to play the violin at the age of five. From 1998 to 2010 she attended the I. J. Paderewski State Music School in Piotrk\u00f3w Trybunalski under Tomasz Guz. In 2010 she received a diploma with distinction.<\/p>\n<p>She continued her violin study in higher education at F. Nowowiejski Academy of Music in Bydgoszcz under prof. Marcin Baranowski, where she received a Bachelor\u2019s degree with distinction in 2013. In 2015 she graduated study at I. J. Paderewski Academy of Music under prof. Marcin Baranowski and mgr Joanna Kreft, she received Master of Arts designation with distinction.<\/p>\n<p>She has been an award winner of music competitions:<\/p>\n<ul>\n<li>The second Prize in the 6<sup>th <\/sup>J. Gar\u015bcia All-Polish Competition in Stalowa Wola (2002),<\/li>\n<li>The third Prize in the 6<sup>th<\/sup> All &#8211; Polish Violin Competition in Wroc\u0142aw (2002),<\/li>\n<li>Twice second Prize in Children Violin Meetings in P\u0142ock (2003, 2004),<\/li>\n<li>The first Prize in the 1<sup>st<\/sup> Competition of Young Violinists in Nysa (2004),<\/li>\n<li>An award in the 1<sup>st<\/sup> International Young Violinists Meetings in P\u0142ock (2003),<\/li>\n<li>The third Prize in the T. Wro\u0144ski Teenager Solo Violin Competition in Tomasz\u00f3w Mazowiecki (2006),<\/li>\n<li>An award in the 1<sup>st<\/sup> H.W. Ernst and K. Szymanowski Violin Competition in Wroc\u0142aw (2007),<\/li>\n<li>The second Prize in the 17<sup>th<\/sup> Concorso Internazionale \u201eVincenzo Scaramuzza\u201d w Crotone \u2013 Italy (2014).<\/li>\n<\/ul>\n<p>What is more, she was also awarded in chamber contests in duet with the guitar and in trio:<\/p>\n<ul>\n<li>The third Prize in the 1<sup>st<\/sup> All-Polish Competition \u201cThe Guitar in chamber music\u201d in Tychy (2006),<\/li>\n<li>The first Prize in the International Festival of the Guitar Music in Trz\u0119sacz (2007),<\/li>\n<li>The second Prize in \u015awidnica Competition of Chamber Ensembles (2007),<\/li>\n<li>Represented Academy of Music in Bydgoszcz at Festival \u2013 Competition Concert during the Youth\u2019s Art Festival in Pozna\u0144 (2012).<\/li>\n<\/ul>\n<p>She was also a participant of master classes in home country and abroad and improved her skills under such eminent artists as: Marcin Baranowski, Yair Kless, Petru Munteanu, Konstanty Andrzej Kulka, Tomasz Tomaszewski, Piotr P\u0142awner, Ariane Math\u00e4us, Walentyna Jakubowska. In 2014 and 2015 she was an active participant of 11<sup>th<\/sup> and 12<sup>th<\/sup> edition of Princess Daisy Chamber Arts International Ensemble Festival in Ksi\u0105\u017c Castle \u2013 Wa\u0142brzych, Poland. She was also a participant of 3<sup>rd<\/sup> edition of Sinfonia Varsovia Academy, which allowed her to work with the Orchestra during concerts and records. She took part in concerts as a soloist and chamber musician in Poland and abroad, among others, in Germany, France, Byelorussia and Ukraine.<\/p>\n<p>In 2009 she was a finalist of the history of music contest.<\/p>\n<p>In 2008 she was granted an Artistic Scholarship of \u0141\u00f3d\u017a District Marsza\u0142ek, and in the school year of 2009\/2010 she received a Scholarship for learning achievements granted by the Polish Prime Minister.<\/p>\n<p>Every year during studies she was granted an Academic Scholarship for best students (twice at Academy of Music in Bydgoszcz and twice at Academy of Music in Pozna\u0144).<\/p>\n<p>In the academic year 2014\/2015 she was granted a Scholarship of the Minister of Science and Higher Education.<\/p>\n<div class=\"hr_top_link\">&nbsp;<\/div><a href=\"#\" class=\"link-top\">top <\/a><br class=\"clear\" \/>\n<\/div><br class=\"clear\" \/>\n","protected":false},"excerpt":{"rendered":"Justyna Bidler was born on 5 February, 1991 in Piotrk\u00f3w Trybunalski. She started learning to play the violin at the age of five. From 1998 to 2010 she attended the I. J. Paderewski State Music School in Piotrk\u00f3w Trybunalski under Tomasz Guz. In 2010 she received a diploma with distinction. She continued her violin study [...]","protected":false},"author":1,"featured_media":0,"parent":6827,"menu_order":0,"comment_status":"open","ping_status":"open","template":"template_rightnav.php","meta":{"ngg_post_thumbnail":0,"footnotes":""},"featured_image_src":null,"featured_image_src_square":null,"_links":{"self":[{"href":"http:\/\/marcinbaranowski.com.pl\/en\/wp-json\/wp\/v2\/pages\/6941"}],"collection":[{"href":"http:\/\/marcinbaranowski.com.pl\/en\/wp-json\/wp\/v2\/pages"}],"about":[{"href":"http:\/\/marcinbaranowski.com.pl\/en\/wp-json\/wp\/v2\/types\/page"}],"author":[{"embeddable":true,"href":"http:\/\/marcinbaranowski.com.pl\/en\/wp-json\/wp\/v2\/users\/1"}],"replies":[{"embeddable":true,"href":"http:\/\/marcinbaranowski.com.pl\/en\/wp-json\/wp\/v2\/comments?post=6941"}],"version-history":[{"count":8,"href":"http:\/\/marcinbaranowski.com.pl\/en\/wp-json\/wp\/v2\/pages\/6941\/revisions"}],"predecessor-version":[{"id":11160,"href":"http:\/\/marcinbaranowski.com.pl\/en\/wp-json\/wp\/v2\/pages\/6941\/revisions\/11160"}],"up":[{"embeddable":true,"href":"http:\/\/marcinbaranowski.com.pl\/en\/wp-json\/wp\/v2\/pages\/6827"}],"wp:attachment":[{"href":"http:\/\/marcinbaranowski.com.pl\/en\/wp-json\/wp\/v2\/media?parent=6941"}],"curies":[{"name":"wp","href":"https:\/\/api.w.org\/{rel}","templated":true}]}}