{"id":12347,"date":"2023-12-11T00:29:26","date_gmt":"2023-12-10T23:29:26","guid":{"rendered":"https:\/\/marcinbaranowski.com.pl\/?page_id=12347"},"modified":"2023-12-11T00:29:26","modified_gmt":"2023-12-10T23:29:26","slug":"dmowski-daniel","status":"publish","type":"page","link":"http:\/\/marcinbaranowski.com.pl\/en\/pupils-and-students-2\/dmowski-daniel\/","title":{"rendered":"Dmowski Daniel"},"content":{"rendered":"<section class=\"wpb-content-wrapper\">[vc_row][vc_column width=&#8221;1\/3&#8243;]<div class=\"shadow_img_frame shadow_three_col_small tt_animate_none true-img-none\"><div class=\"img-preload\"><img src='http:\/\/marcinbaranowski.com.pl\/wp-content\/themes\/karma\/framework\/extended\/timthumb\/timthumb.php?src=http:\/\/marcinbaranowski.com.pl\/wp-content\/uploads\/2023\/12\/DANIEL-DMOWSKI-e1702250815827.jpeg&amp;h=113&amp;w=202' alt='' class=\"attachment-fadeIn\" \/><\/div><\/div>[\/vc_column][vc_column width=&#8221;2\/3&#8243;][vc_column_text]Daniel Dmowski urodzi\u0142 si\u0119 2004 roku w Lublinie. Uko\u0144czy\u0142 Og\u00f3lnokszta\u0142c\u0105c\u0105 Szko\u0142\u0119 Muzyczn\u0105 I i II stopnia im. Karola Lipi\u0144skiego w Lublinie w klasie skrzypiec mgr. Nur\u0142ana Alimbajewa. Obecnie jest studentem Akademii Muzycznej im. Feliksa Nowowiejskiego w Bydgoszczy w klasie skrzypiec prof. Marcina Baranowskiego[\/vc_column_text][\/vc_column][\/vc_row][vc_row][vc_column][vc_column_text]Jest laureatem konkurs\u00f3w muzycznych \u00a0o randze og\u00f3lnopolskiej i mi\u0119dzynarodowej m.in.<\/p>\n<ul>\n<li>2 Nagroda &#8211; Og\u00f3lnopolski Konkurs Instrument\u00f3w Smyczkowych dla uczni\u00f3w klas skrzypiec, alt\u00f3wki i wiolonczeli Szk\u00f3\u0142 Muzycznych I i II Stopnia PIZZICATO 2022 w Krakowie<\/li>\n<li>1 Nagroda &#8211; International Music Competition Vienna \u201eGrand Prize Virtuoso\u201d 9 kwietnia 2022 Wiede\u0144<\/li>\n<li>3 Nagroda &#8211; King`s Peak International Music Competition 2022, 7 maj 2022 USA<\/li>\n<li>3 Nagroda &#8211; International Assosation of Art The Muse4 July 2022 Athens Greece<\/li>\n<li>3 Nagroda &#8211; Tokyo International Youth Music Competition wrzesie\u0144 2022<\/li>\n<li>2 Nagroda &#8211; Birmingham International Music Competition, 01 stycznia 2023, Birmingham &#8211; Wielka Brytania<\/li>\n<li>1 Nagroda I Mi\u0119dzynarodowym Konkursie \u201eMistrz Miniatury 2023\u201d, 16 marca 2023, Pozna\u0144<\/li>\n<li>2 Nagroda &#8211; American Music Talent\u00a0 Competition 2023, Marzec 2023 Waszyngton<\/li>\n<\/ul>\n<p>Daniel Dmowski jest stypendyst\u0105 Prezydenta Miasta Lublin za osi\u0105gni\u0119cia artystyczne w roku 2021 i 2022, oraz Marsza\u0142ka Wojew\u00f3dztwa Lubelskiego za osi\u0105gni\u0119cia artystyczne w roku 2022[\/vc_column_text][\/vc_column][\/vc_row]\n<\/section>","protected":false},"excerpt":{"rendered":"<p>[vc_row][vc_column width=&#8221;1\/3&#8243;][\/vc_column][vc_column width=&#8221;2\/3&#8243;][vc_column_text]Daniel Dmowski urodzi\u0142 si\u0119 2004 roku w Lublinie. Uko\u0144czy\u0142 Og\u00f3lnokszta\u0142c\u0105c\u0105 Szko\u0142\u0119 Muzyczn\u0105 I i II stopnia im. Karola Lipi\u0144skiego w Lublinie w klasie skrzypiec mgr. Nur\u0142ana Alimbajewa. Obecnie jest studentem Akademii Muzycznej im. Feliksa Nowowiejskiego w Bydgoszczy w klasie skrzypiec prof. Marcina Baranowskiego[\/vc_column_text][\/vc_column][\/vc_row][vc_row][vc_column][vc_column_text]Jest laureatem konkurs\u00f3w muzycznych \u00a0o randze og\u00f3lnopolskiej i mi\u0119dzynarodowej m.in.<\/p>\n<p>2 Nagroda &#8211; Og\u00f3lnopolski Konkurs Instrument\u00f3w Smyczkowych dla uczni\u00f3w klas skrzypiec, alt\u00f3wki i wiolonczeli Szk\u00f3\u0142 Muzycznych I i II Stopnia PIZZICATO 2022 w Krakowie<br \/>\n1 &#8230;<\/p>\n","protected":false},"author":1,"featured_media":0,"parent":6839,"menu_order":0,"comment_status":"closed","ping_status":"closed","template":"template_rightnav.php","meta":{"ngg_post_thumbnail":0,"footnotes":""},"featured_image_src":null,"featured_image_src_square":null,"_links":{"self":[{"href":"http:\/\/marcinbaranowski.com.pl\/en\/wp-json\/wp\/v2\/pages\/12347"}],"collection":[{"href":"http:\/\/marcinbaranowski.com.pl\/en\/wp-json\/wp\/v2\/pages"}],"about":[{"href":"http:\/\/marcinbaranowski.com.pl\/en\/wp-json\/wp\/v2\/types\/page"}],"author":[{"embeddable":true,"href":"http:\/\/marcinbaranowski.com.pl\/en\/wp-json\/wp\/v2\/users\/1"}],"replies":[{"embeddable":true,"href":"http:\/\/marcinbaranowski.com.pl\/en\/wp-json\/wp\/v2\/comments?post=12347"}],"version-history":[{"count":4,"href":"http:\/\/marcinbaranowski.com.pl\/en\/wp-json\/wp\/v2\/pages\/12347\/revisions"}],"predecessor-version":[{"id":12352,"href":"http:\/\/marcinbaranowski.com.pl\/en\/wp-json\/wp\/v2\/pages\/12347\/revisions\/12352"}],"up":[{"embeddable":true,"href":"http:\/\/marcinbaranowski.com.pl\/en\/wp-json\/wp\/v2\/pages\/6839"}],"wp:attachment":[{"href":"http:\/\/marcinbaranowski.com.pl\/en\/wp-json\/wp\/v2\/media?parent=12347"}],"curies":[{"name":"wp","href":"https:\/\/api.w.org\/{rel}","templated":true}]}}