{"id":12303,"date":"2023-12-11T00:10:54","date_gmt":"2023-12-10T23:10:54","guid":{"rendered":"https:\/\/marcinbaranowski.com.pl\/?page_id=12303"},"modified":"2026-01-18T22:14:29","modified_gmt":"2026-01-18T21:14:29","slug":"krzyskow-antoni","status":"publish","type":"page","link":"http:\/\/marcinbaranowski.com.pl\/en\/pupils-and-students-2\/krzyskow-antoni\/","title":{"rendered":"Krzy\u015bk\u00f3w Antoni"},"content":{"rendered":"<section class=\"wpb-content-wrapper\">[vc_row][vc_column width=&#8221;1\/3&#8243;]<div class=\"shadow_img_frame shadow_three_col_small tt_animate_none true-img-none\"><div class=\"img-preload\"><img src='http:\/\/marcinbaranowski.com.pl\/wp-content\/uploads\/2023\/12\/\/ANTONI-KRZYSKOW-202x113.jpg' alt='' class=\"attachment-fadeIn\" \/><\/div><\/div>[\/vc_column][vc_column width=&#8221;2\/3&#8243;][vc_column_text]Antoni Krzy\u015bk\u00f3w &#8211; urodzi\u0142 si\u0119 15 czerwca 2007 roku w Zielonej G\u00f3rze. Nauk\u0119 gry na skrzypcach rozpocz\u0105\u0142 w Pa\u0144stwowej Szkole Muzycznej I i II stopnia im. Mieczys\u0142awa Kar\u0142owicza w Zielonej G\u00f3rze pod kierunkiem mgr Krzysztofa Kowalika, a od wrze\u015bnia 2020 roku kszta\u0142ci\u0142 si\u0119 w klasie mgr Iwony Wasiak. Obecnie uczy si\u0119 w klasie prof. Marcina Baranowskiego oraz dr Joanny Kreft.<\/p>\n<p>Bra\u0142 udzia\u0142 w kursach mistrzowskich w Szklarskiej Por\u0119bie, Na\u0142\u0119czowie, Poznaniu i Ci\u0105\u017ceniu pod kierunkiem prof. Moniki Urbaniak &#8211; Lisik, Amelii Maszo\u0144skiej, prof. Piotra Tarcholika, prof. Marcina Baranowskiego oraz prof. Jana Romanowskiego.[\/vc_column_text][\/vc_column][\/vc_row][vc_row][vc_column][vc_column_text]Antoni jest laureatem wielu konkurs\u00f3w skrzypcowych:<\/p>\n<ul>\n<li>III Nagroda \u2013 III \u017barskie Spotkania Smyczkowe \u2013 \u017bary 2015<\/li>\n<li>I Nagroda \u2013 IV Konkurs ,,Zacznij od Bacha\u201d \u2013 Zielona G\u00f3ra 2015<\/li>\n<li>I Nagroda ex aequo \u2013 VII Skrzypcowy Turniej Przyja\u017ani \u2013 \u017bary 2016<\/li>\n<li>I Nagroda \u2013 V Mi\u0119dzywojew\u00f3dzki Konkurs Skrzypcowy \u2013 Pyrzyce 2016<\/li>\n<li>I Nagroda \u2013 I Lubuski Konkurs Skrzypcowy \u2013 Gorz\u00f3w Wielkopolski 2016<\/li>\n<li>I Nagroda \u2013 IX Skrzypcowy Turniej Przyja\u017ani \u2013 \u017baga\u0144 2018<\/li>\n<li>II Nagroda \u2013 II Og\u00f3lnopolskie Igrzyska Skrzypcowe \u2013 Zb\u0105szy\u0144 2018<\/li>\n<li>Tytu\u0142 Laureata \u2013 Mi\u0119dzynarodowy Konkurs w ramach festiwalu ,,Presto\u201d \u2013 Zdu\u0144ska Wola 2018<\/li>\n<li>II Nagroda \u2013 VI Regionalny Konkurs Bachowski \u2013 Zielona G\u00f3ra 2018<\/li>\n<li>I Nagroda \u2013 VI Og\u00f3lnopolski Konkurs Sonat \u2013 Szczecin 2018<\/li>\n<li>Wyr\u00f3\u017cnienie \u2013 XIV Og\u00f3lnopolski Konkurs Skrzypcowy im. Gra\u017cyny Bacewicz \u2013 Wroc\u0142aw 2018<\/li>\n<li>I Nagroda \u2013 VI Mi\u0119dzywojew\u00f3dzki Konkurs Skrzypcowy \u2013 Pyrzyce 2018<\/li>\n<li>II Nagroda \u2013 42 Og\u00f3lnopolski Konkurs Bachowski im. Stanis\u0142awa Hajzera \u2013 Zielona G\u00f3ra 2019<\/li>\n<li>I Nagroda \u2013 V \u017barskie Spotkania Smyczkowe \u2013 \u017bary 2019<\/li>\n<li>IV Nagroda \u2013 IV Lubuski Konkurs Skrzypcowy \u2013 Gorz\u00f3w Wielkopolski 2019<\/li>\n<li>II Nagroda \u2013 VIII Og\u00f3lnopolski Konkurs Sonat \u2013 Szczecin 2019<\/li>\n<li>I Nagroda \u2013 V Lubuski Konkurs Skrzypcowy \u2013 Gorz\u00f3w Wielkopolski 2020<\/li>\n<li>I Nagroda ex aequo \u2013 Lubuski Konkurs Skrzypcowy ,,Barok i Miniatura\u201d &#8211; Zielona G\u00f3ra 2020<\/li>\n<li>III Nagroda \u2013 Mi\u0119dzynarodowy Konkurs Instrument\u00f3w Smyczkowych \u2013 Elbl\u0105g 2021<\/li>\n<li>II Nagroda \u2013 IV Og\u00f3lnopolski Konkurs ,,Talenty Skrzypcowe\u201d \u2013 Pozna\u0144 2021<\/li>\n<li>I Nagroda \u2013 XVII Lubuskie Spotkania Skrzypcowe \u2013 Zielona G\u00f3ra 2021<\/li>\n<li>I Nagroda \u2013 V Og\u00f3lnopolski Konkurs ,,Talenty Skrzypcowe\u201d \u2013 Pozna\u0144 2022<\/li>\n<li>Wyr\u00f3\u017cnienie \u2013 VII Og\u00f3lnopolski Cieszy\u0144ski Konkurs Skrzypcowy \u2013 Cieszyn 2022<\/li>\n<li>I Nagroda \u2013 II Lubuski Konkurs Smyczkowy ,,Barok i Miniatura\u201d \u2013 Zielona G\u00f3ra 2022<\/li>\n<li>Wyr\u00f3\u017cnienie \u2013 Mi\u0119dzynarodowy Konkurs Instrument\u00f3w Smyczkowych \u2013 Elbl\u0105g 2023<\/li>\n<li>I Nagroda \u2013 Og\u00f3lnopolski Konkurs ,,Talenty Muzyczne 2023\u201d \u2013 Pozna\u0144 2023<\/li>\n<li>III Nagroda \u2013 V Og\u00f3lnopolski Konkurs Skrzypcowy ,,Jak Wieniawski\u201d \u2013 Lublin 2023<\/li>\n<li>III Nagroda ex aequo \u2013 XIX Lubuskie Spotkania Skrzypcowe \u2013 Zielona G\u00f3ra 2023<\/li>\n<li>IV Nagroda VI Mi\u0119dzynarodowy Konkurs Skrzypcowy Muzyki Polskiej im. Wandy Wi\u0142komirskiej, Cz\u0119stochowa 2024<\/li>\n<li>Distinction \u2013 International String Instrument Competition Elbl\u0105g, Poland<\/li>\n<li>3rd Prize &#8211; 1st Zenon Feli\u0144ski National Violin Competition Krakow 2025<\/li>\n<li>1st Prize &#8211; 7th National Violin Competition &#8220;Like Wieniawski&#8221; Lublin 2025<\/li>\n<li>Fourth Prize \u2013 7th Wanda Wi\u0142komirska International Competition of Polish Music in Cz\u0119stochowa 2025<\/li>\n<\/ul>\n<p>Koncertowa\u0142 z orkiestr\u0105\u00a0 Filharmonii Zielonog\u00f3rskiej w ramach festiwalu smyczkowego ,,Mistrzowie Polskiej Wiolinistyki\u201d w latach 2019 i 2020 oraz w ramach koncertu dla najlepszych uczni\u00f3w PSM I i II st. im. Mieczys\u0142awa Kar\u0142owicza w Zielonej G\u00f3rze w latach 2022 i 2023.<\/p>\n<p>Jest stypendyst\u0105 Marsza\u0142ka wojew\u00f3dztwa lubuskiego.[\/vc_column_text][\/vc_column][\/vc_row]\n<\/section>","protected":false},"excerpt":{"rendered":"<p>[vc_row][vc_column width=&#8221;1\/3&#8243;][\/vc_column][vc_column width=&#8221;2\/3&#8243;][vc_column_text]Antoni Krzy\u015bk\u00f3w &#8211; urodzi\u0142 si\u0119 15 czerwca 2007 roku w Zielonej G\u00f3rze. Nauk\u0119 gry na skrzypcach rozpocz\u0105\u0142 w Pa\u0144stwowej Szkole Muzycznej I i II stopnia im. Mieczys\u0142awa Kar\u0142owicza w Zielonej G\u00f3rze pod kierunkiem mgr Krzysztofa Kowalika, a od wrze\u015bnia 2020 roku kszta\u0142ci\u0142 si\u0119 w klasie mgr Iwony Wasiak. Obecnie uczy si\u0119 w klasie prof. Marcina Baranowskiego oraz dr Joanny Kreft.<br \/>\nBra\u0142 udzia\u0142 w kursach mistrzowskich w Szklarskiej Por\u0119bie, Na\u0142\u0119czowie, Poznaniu i Ci\u0105\u017ceniu pod kierunkiem prof. Moniki Urbaniak &#8211; &#8230;<\/p>\n","protected":false},"author":1,"featured_media":0,"parent":6839,"menu_order":0,"comment_status":"closed","ping_status":"closed","template":"template_rightnav.php","meta":{"ngg_post_thumbnail":0,"footnotes":""},"featured_image_src":null,"featured_image_src_square":null,"_links":{"self":[{"href":"http:\/\/marcinbaranowski.com.pl\/en\/wp-json\/wp\/v2\/pages\/12303"}],"collection":[{"href":"http:\/\/marcinbaranowski.com.pl\/en\/wp-json\/wp\/v2\/pages"}],"about":[{"href":"http:\/\/marcinbaranowski.com.pl\/en\/wp-json\/wp\/v2\/types\/page"}],"author":[{"embeddable":true,"href":"http:\/\/marcinbaranowski.com.pl\/en\/wp-json\/wp\/v2\/users\/1"}],"replies":[{"embeddable":true,"href":"http:\/\/marcinbaranowski.com.pl\/en\/wp-json\/wp\/v2\/comments?post=12303"}],"version-history":[{"count":15,"href":"http:\/\/marcinbaranowski.com.pl\/en\/wp-json\/wp\/v2\/pages\/12303\/revisions"}],"predecessor-version":[{"id":12929,"href":"http:\/\/marcinbaranowski.com.pl\/en\/wp-json\/wp\/v2\/pages\/12303\/revisions\/12929"}],"up":[{"embeddable":true,"href":"http:\/\/marcinbaranowski.com.pl\/en\/wp-json\/wp\/v2\/pages\/6839"}],"wp:attachment":[{"href":"http:\/\/marcinbaranowski.com.pl\/en\/wp-json\/wp\/v2\/media?parent=12303"}],"curies":[{"name":"wp","href":"https:\/\/api.w.org\/{rel}","templated":true}]}}